{"id":839,"date":"2022-11-10T14:10:12","date_gmt":"2022-11-10T13:10:12","guid":{"rendered":"https:\/\/antisink.no\/?post_type=product&#038;p=839"},"modified":"2025-12-16T23:32:21","modified_gmt":"2025-12-16T22:32:21","slug":"large-boats","status":"publish","type":"product","link":"https:\/\/antisink.no\/en\/product\/large-boats\/","title":{"rendered":"Antisink Large Boat Kit"},"content":{"rendered":"<p class=\" translation-block\">Every year, lives are lost at sea, not only due to drowning, but also because of hypothermia when vessels take on water or sink. Many of these lives could have been saved, which is why Antisink was developed. Antisink Large Boats is a fixed-mounted safety system with high lifting capacity that automatically deploys if water enters the vessel, helping keep it afloat until help arrives.<\/p>","protected":false},"excerpt":{"rendered":"<p>Hvert \u00e5r omkommer mennesker p\u00e5 sj\u00f8en, ikke bare av drukning, men ogs\u00e5 av nedkj\u00f8ling n\u00e5r b\u00e5ten forliser. Mange kunne v\u00e6rt reddet, og nettopp derfor ble Antisink utviklet. Antisink Large Boats er et fastmontert sikkerhetssystem med stor l\u00f8ftekraft som utl\u00f8ses automatisk om det skulle komme vann ombord. Dette sikrer at b\u00e5ten holder seg flytende til hjelpen &hellip;<\/p>","protected":false},"featured_media":1425,"template":"","meta":{"_acf_changed":false,"inline_featured_image":false,"_links_to":"","_links_to_target":""},"product_brand":[],"product_cat":[44,15],"product_tag":[],"class_list":{"0":"post-839","1":"product","2":"type-product","3":"status-publish","4":"has-post-thumbnail","6":"product_cat-antisink-redningssystem","7":"product_cat-diverse","9":"first","10":"instock","11":"taxable","12":"shipping-taxable","13":"purchasable","14":"product-type-variable"},"exclude_global_add_ons":false,"addons":[{"name":"If your vessel exceeds 8,400 kg, please contact us for a custom solution.","type":"custom_text","position":0,"required":false,"title_format":"label","default":"","description_enable":false,"description":"","placeholder_enable":false,"placeholder":"","display":"select","restrictions_type":"any_text","adjust_price":false,"price":"","price_type":"flat_fee","restrictions":false,"min":"0","max":"0","options":[],"id":1673512257},{"name":"Weight calculator","type":"custom_text","position":0,"required":false,"title_format":"hide","default":"","description_enable":true,"description":"You can find your vessel\u2019s weight here <a id=\"weightcalc\" style=\"text-decoration: underline;font-weight: bold\" href=\"\/finn-vekt\" target=\"_blank\">here<\/a>.<br><br>\r\nPlease specify your boat model when ordering","placeholder_enable":false,"placeholder":"","display":"select","restrictions_type":"any_text","adjust_price":false,"price":"","price_type":"flat_fee","restrictions":false,"min":"0","max":"0","options":[],"id":1673439216},{"name":"Boat make and model","type":"custom_text","position":1,"required":false,"title_format":"label","default":"","description_enable":false,"description":"","placeholder_enable":false,"placeholder":"","display":"select","restrictions_type":"any_text","adjust_price":false,"price":"","price_type":"flat_fee","restrictions":false,"min":"0","max":"0","options":[],"id":1672136707},{"name":"Boat length","type":"custom_text","position":2,"required":false,"title_format":"label","default":"","description_enable":false,"description":"","placeholder_enable":false,"placeholder":"","display":"select","restrictions_type":"any_text","adjust_price":false,"price":"","price_type":"flat_fee","restrictions":false,"min":"0","max":"0","options":[],"id":1673442410}],"acf":[],"yoast_head":"<!-- This site is optimized with the Yoast SEO plugin v27.3 - https:\/\/yoast.com\/product\/yoast-seo-wordpress\/ -->\n<title>Antisink Large Boat Kit - Antisink<\/title>\n<meta name=\"robots\" content=\"index, follow, max-snippet:-1, max-image-preview:large, max-video-preview:-1\" \/>\n<link rel=\"canonical\" href=\"https:\/\/antisink.no\/en\/product\/large-boats\/\" \/>\n<meta property=\"og:locale\" content=\"en_GB\" \/>\n<meta property=\"og:type\" content=\"article\" \/>\n<meta property=\"og:title\" content=\"Antisink Large Boat Kit - Antisink\" \/>\n<meta property=\"og:description\" content=\"Hvert \u00e5r omkommer mennesker p\u00e5 sj\u00f8en, ikke bare av drukning, men ogs\u00e5 av nedkj\u00f8ling n\u00e5r b\u00e5ten forliser. Mange kunne v\u00e6rt reddet, og nettopp derfor ble Antisink utviklet. Antisink Large Boats er et fastmontert sikkerhetssystem med stor l\u00f8ftekraft som utl\u00f8ses automatisk om det skulle komme vann ombord. Dette sikrer at b\u00e5ten holder seg flytende til hjelpen &hellip;\" \/>\n<meta property=\"og:url\" content=\"https:\/\/antisink.no\/en\/product\/large-boats\/\" \/>\n<meta property=\"og:site_name\" content=\"Antisink\" \/>\n<meta property=\"article:publisher\" content=\"https:\/\/www.facebook.com\/people\/Antisink\/100068630721753\/\" \/>\n<meta property=\"article:modified_time\" content=\"2025-12-16T22:32:21+00:00\" \/>\n<meta property=\"og:image\" content=\"https:\/\/d25nnfydaaise6.cloudfront.net\/wp-content\/uploads\/2022\/11\/21122144\/antisink_fritidsbaat_1.jpg\" \/>\n\t<meta property=\"og:image:width\" content=\"1800\" \/>\n\t<meta property=\"og:image:height\" content=\"938\" \/>\n\t<meta property=\"og:image:type\" content=\"image\/jpeg\" \/>\n<meta name=\"twitter:card\" content=\"summary_large_image\" \/>\n<meta name=\"twitter:label1\" content=\"Estimated reading time\" \/>\n\t<meta name=\"twitter:data1\" content=\"1 minute\" \/>\n<script type=\"application\/ld+json\" class=\"yoast-schema-graph\">{\"@context\":\"https:\\\/\\\/schema.org\",\"@graph\":[{\"@type\":\"WebPage\",\"@id\":\"https:\\\/\\\/antisink.no\\\/produkt\\\/large-boats\\\/\",\"url\":\"https:\\\/\\\/antisink.no\\\/produkt\\\/large-boats\\\/\",\"name\":\"Antisink Large Boat Kit - Antisink\",\"isPartOf\":{\"@id\":\"https:\\\/\\\/antisink.no\\\/#website\"},\"primaryImageOfPage\":{\"@id\":\"https:\\\/\\\/antisink.no\\\/produkt\\\/large-boats\\\/#primaryimage\"},\"image\":{\"@id\":\"https:\\\/\\\/antisink.no\\\/produkt\\\/large-boats\\\/#primaryimage\"},\"thumbnailUrl\":\"https:\\\/\\\/d25nnfydaaise6.cloudfront.net\\\/wp-content\\\/uploads\\\/2022\\\/11\\\/21122144\\\/antisink_fritidsbaat_1.jpg\",\"datePublished\":\"2022-11-10T13:10:12+00:00\",\"dateModified\":\"2025-12-16T22:32:21+00:00\",\"breadcrumb\":{\"@id\":\"https:\\\/\\\/antisink.no\\\/produkt\\\/large-boats\\\/#breadcrumb\"},\"inLanguage\":\"en-GB\",\"potentialAction\":[{\"@type\":\"ReadAction\",\"target\":[\"https:\\\/\\\/antisink.no\\\/produkt\\\/large-boats\\\/\"]}]},{\"@type\":\"ImageObject\",\"inLanguage\":\"en-GB\",\"@id\":\"https:\\\/\\\/antisink.no\\\/produkt\\\/large-boats\\\/#primaryimage\",\"url\":\"https:\\\/\\\/d25nnfydaaise6.cloudfront.net\\\/wp-content\\\/uploads\\\/2022\\\/11\\\/21122144\\\/antisink_fritidsbaat_1.jpg\",\"contentUrl\":\"https:\\\/\\\/d25nnfydaaise6.cloudfront.net\\\/wp-content\\\/uploads\\\/2022\\\/11\\\/21122144\\\/antisink_fritidsbaat_1.jpg\",\"width\":1800,\"height\":938},{\"@type\":\"BreadcrumbList\",\"@id\":\"https:\\\/\\\/antisink.no\\\/produkt\\\/large-boats\\\/#breadcrumb\",\"itemListElement\":[{\"@type\":\"ListItem\",\"position\":1,\"name\":\"Hjem\",\"item\":\"https:\\\/\\\/antisink.no\\\/\"},{\"@type\":\"ListItem\",\"position\":2,\"name\":\"V\u00e5re produkter\",\"item\":\"https:\\\/\\\/antisink.no\\\/butikk\\\/\"},{\"@type\":\"ListItem\",\"position\":3,\"name\":\"Antisink Large Boat Kit\"}]},{\"@type\":\"WebSite\",\"@id\":\"https:\\\/\\\/antisink.no\\\/#website\",\"url\":\"https:\\\/\\\/antisink.no\\\/\",\"name\":\"Antisink\",\"description\":\"Keeps you floating\",\"publisher\":{\"@id\":\"https:\\\/\\\/antisink.no\\\/#organization\"},\"potentialAction\":[{\"@type\":\"SearchAction\",\"target\":{\"@type\":\"EntryPoint\",\"urlTemplate\":\"https:\\\/\\\/antisink.no\\\/?s={search_term_string}\"},\"query-input\":{\"@type\":\"PropertyValueSpecification\",\"valueRequired\":true,\"valueName\":\"search_term_string\"}}],\"inLanguage\":\"en-GB\"},{\"@type\":\"Organization\",\"@id\":\"https:\\\/\\\/antisink.no\\\/#organization\",\"name\":\"Antisink\",\"url\":\"https:\\\/\\\/antisink.no\\\/\",\"logo\":{\"@type\":\"ImageObject\",\"inLanguage\":\"en-GB\",\"@id\":\"https:\\\/\\\/antisink.no\\\/#\\\/schema\\\/logo\\\/image\\\/\",\"url\":\"https:\\\/\\\/d25nnfydaaise6.cloudfront.net\\\/wp-content\\\/uploads\\\/2022\\\/11\\\/14090635\\\/Antisink-logo-RGB_outlined.svg\",\"contentUrl\":\"https:\\\/\\\/d25nnfydaaise6.cloudfront.net\\\/wp-content\\\/uploads\\\/2022\\\/11\\\/14090635\\\/Antisink-logo-RGB_outlined.svg\",\"caption\":\"Antisink\"},\"image\":{\"@id\":\"https:\\\/\\\/antisink.no\\\/#\\\/schema\\\/logo\\\/image\\\/\"},\"sameAs\":[\"https:\\\/\\\/www.facebook.com\\\/people\\\/Antisink\\\/100068630721753\\\/\"]}]}<\/script>\n<!-- \/ Yoast SEO plugin. -->","yoast_head_json":{"title":"Antisink Large Boat Kit - Antisink","robots":{"index":"index","follow":"follow","max-snippet":"max-snippet:-1","max-image-preview":"max-image-preview:large","max-video-preview":"max-video-preview:-1"},"canonical":"https:\/\/antisink.no\/en\/product\/large-boats\/","og_locale":"en_GB","og_type":"article","og_title":"Antisink Large Boat Kit - Antisink","og_description":"Hvert \u00e5r omkommer mennesker p\u00e5 sj\u00f8en, ikke bare av drukning, men ogs\u00e5 av nedkj\u00f8ling n\u00e5r b\u00e5ten forliser. Mange kunne v\u00e6rt reddet, og nettopp derfor ble Antisink utviklet. Antisink Large Boats er et fastmontert sikkerhetssystem med stor l\u00f8ftekraft som utl\u00f8ses automatisk om det skulle komme vann ombord. Dette sikrer at b\u00e5ten holder seg flytende til hjelpen &hellip;","og_url":"https:\/\/antisink.no\/en\/product\/large-boats\/","og_site_name":"Antisink","article_publisher":"https:\/\/www.facebook.com\/people\/Antisink\/100068630721753\/","article_modified_time":"2025-12-16T22:32:21+00:00","og_image":[{"width":1800,"height":938,"url":"https:\/\/d25nnfydaaise6.cloudfront.net\/wp-content\/uploads\/2022\/11\/21122144\/antisink_fritidsbaat_1.jpg","type":"image\/jpeg"}],"twitter_card":"summary_large_image","twitter_misc":{"Estimated reading time":"1 minute"},"schema":{"@context":"https:\/\/schema.org","@graph":[{"@type":"WebPage","@id":"https:\/\/antisink.no\/produkt\/large-boats\/","url":"https:\/\/antisink.no\/produkt\/large-boats\/","name":"Antisink Large Boat Kit - Antisink","isPartOf":{"@id":"https:\/\/antisink.no\/#website"},"primaryImageOfPage":{"@id":"https:\/\/antisink.no\/produkt\/large-boats\/#primaryimage"},"image":{"@id":"https:\/\/antisink.no\/produkt\/large-boats\/#primaryimage"},"thumbnailUrl":"https:\/\/d25nnfydaaise6.cloudfront.net\/wp-content\/uploads\/2022\/11\/21122144\/antisink_fritidsbaat_1.jpg","datePublished":"2022-11-10T13:10:12+00:00","dateModified":"2025-12-16T22:32:21+00:00","breadcrumb":{"@id":"https:\/\/antisink.no\/produkt\/large-boats\/#breadcrumb"},"inLanguage":"en-GB","potentialAction":[{"@type":"ReadAction","target":["https:\/\/antisink.no\/produkt\/large-boats\/"]}]},{"@type":"ImageObject","inLanguage":"en-GB","@id":"https:\/\/antisink.no\/produkt\/large-boats\/#primaryimage","url":"https:\/\/d25nnfydaaise6.cloudfront.net\/wp-content\/uploads\/2022\/11\/21122144\/antisink_fritidsbaat_1.jpg","contentUrl":"https:\/\/d25nnfydaaise6.cloudfront.net\/wp-content\/uploads\/2022\/11\/21122144\/antisink_fritidsbaat_1.jpg","width":1800,"height":938},{"@type":"BreadcrumbList","@id":"https:\/\/antisink.no\/produkt\/large-boats\/#breadcrumb","itemListElement":[{"@type":"ListItem","position":1,"name":"Hjem","item":"https:\/\/antisink.no\/"},{"@type":"ListItem","position":2,"name":"V\u00e5re produkter","item":"https:\/\/antisink.no\/butikk\/"},{"@type":"ListItem","position":3,"name":"Antisink Large Boat Kit"}]},{"@type":"WebSite","@id":"https:\/\/antisink.no\/#website","url":"https:\/\/antisink.no\/","name":"Antisink","description":"Keeps you floating","publisher":{"@id":"https:\/\/antisink.no\/#organization"},"potentialAction":[{"@type":"SearchAction","target":{"@type":"EntryPoint","urlTemplate":"https:\/\/antisink.no\/?s={search_term_string}"},"query-input":{"@type":"PropertyValueSpecification","valueRequired":true,"valueName":"search_term_string"}}],"inLanguage":"en-GB"},{"@type":"Organization","@id":"https:\/\/antisink.no\/#organization","name":"Antisink","url":"https:\/\/antisink.no\/","logo":{"@type":"ImageObject","inLanguage":"en-GB","@id":"https:\/\/antisink.no\/#\/schema\/logo\/image\/","url":"https:\/\/d25nnfydaaise6.cloudfront.net\/wp-content\/uploads\/2022\/11\/14090635\/Antisink-logo-RGB_outlined.svg","contentUrl":"https:\/\/d25nnfydaaise6.cloudfront.net\/wp-content\/uploads\/2022\/11\/14090635\/Antisink-logo-RGB_outlined.svg","caption":"Antisink"},"image":{"@id":"https:\/\/antisink.no\/#\/schema\/logo\/image\/"},"sameAs":["https:\/\/www.facebook.com\/people\/Antisink\/100068630721753\/"]}]}},"_links":{"self":[{"href":"https:\/\/antisink.no\/en\/wp-json\/wp\/v2\/product\/839","targetHints":{"allow":["GET"]}}],"collection":[{"href":"https:\/\/antisink.no\/en\/wp-json\/wp\/v2\/product"}],"about":[{"href":"https:\/\/antisink.no\/en\/wp-json\/wp\/v2\/types\/product"}],"wp:featuredmedia":[{"embeddable":true,"href":"https:\/\/antisink.no\/en\/wp-json\/wp\/v2\/media\/1425"}],"wp:attachment":[{"href":"https:\/\/antisink.no\/en\/wp-json\/wp\/v2\/media?parent=839"}],"wp:term":[{"taxonomy":"product_brand","embeddable":true,"href":"https:\/\/antisink.no\/en\/wp-json\/wp\/v2\/product_brand?post=839"},{"taxonomy":"product_cat","embeddable":true,"href":"https:\/\/antisink.no\/en\/wp-json\/wp\/v2\/product_cat?post=839"},{"taxonomy":"product_tag","embeddable":true,"href":"https:\/\/antisink.no\/en\/wp-json\/wp\/v2\/product_tag?post=839"}],"curies":[{"name":"wp","href":"https:\/\/api.w.org\/{rel}","templated":true}]}}