{"id":3403,"date":"2025-12-18T22:51:53","date_gmt":"2025-12-18T21:51:53","guid":{"rendered":"https:\/\/antisink.no\/?post_type=product&#038;p=3403"},"modified":"2025-12-21T00:32:39","modified_gmt":"2025-12-20T23:32:39","slug":"flip-over-3","status":"publish","type":"product","link":"https:\/\/antisink.no\/en\/product\/flip-over-3\/","title":{"rendered":"Antisink <b>Flip Over<\/b>"},"content":{"rendered":"<p>Flip Over consists of a CO\u2082 tank, water sensor, and buoyancy bags combined into a single unit. The system provides 275 kg of buoyancy per unit and activates automatically if the vessel capsizes or ends up upside down in the water.<\/p>\n<p><b>Designed and manufactured in Norway<\/b><br \/>\nAntisink is manufactured in Norway and meets all required approvals, with quality ensured at every stage of production.<\/p>\n<p><b>Certified and robust<\/b><br \/>\nAll Antisink products are CE certified and comply with relevant international maritime safety standards. They are compact, impact resistant, waterproof and flame retardant, and can also be manually activated if required.<\/p>\n<p><b>With a focus on the environment<\/b><br \/>\nAll components are reusable and recyclable. If an Antisink system is deployed, it only needs to be repacked before it can be used again. The only component that must be replaced is the CO2 trigger, while the CO2 cylinder can be refilled.\nAntisink can easily be installed and repacked by the user by following the installation instructions. If in doubt, we recommend contacting your boat dealer for assistance.<\/p>\n<p><b>Flip Over<\/b> is a self-contained system that is easy to install with no external connections required. The unit is simply bonded to the hardtop or targa arch and is ready for use after 24\u201336 hours, depending on ambient temperature during installation.<\/p>\n<p>All buoyancy bags are equipped with an overpressure relief valve to prevent rupture if compressed. Each bag is filled to approximately 80 percent capacity, allowing it to adapt to its surroundings. There is flexibility of approximately \u00b110 percent in the inflated volume if the unit is installed in a compartment that does not exactly match the inflated dimensions.<\/p>\n<p>Everything required for installation is included, as well as installation instructions.<\/p>\n<p><b>General information for All-in-One<\/b><br \/>\nTrigger: UML Pro Sensor Elite with cellulose<br \/>\nCO2 sylinder: 500 gram Welz GmbH<br \/>\nOverpressure valve: Halkey-Roberts<\/p>","protected":false},"excerpt":{"rendered":"<p>Flip best\u00e5r av en CO2-tank, vannsensor og oppdriftspose samlet i \u00e9n enhet. Systemet gir 275kg oppdrift per enhet, og aktiveres automatisk automatisk om b\u00e5ten skulle havne feil vei i vannet eller kantre. Designet og produsert i Norge Antisink er norskprodusert, og har alle de korrekte godkjenningene og kvalitet i alle ledd. Sertifisert og solid Alle &hellip;<\/p>","protected":false},"featured_media":3409,"template":"","meta":{"_acf_changed":false,"inline_featured_image":false,"_links_to":"","_links_to_target":""},"product_brand":[],"product_cat":[44,15],"product_tag":[],"class_list":{"0":"post-3403","1":"product","2":"type-product","3":"status-publish","4":"has-post-thumbnail","6":"product_cat-antisink-redningssystem","7":"product_cat-diverse","9":"first","10":"instock","11":"taxable","12":"shipping-taxable","13":"purchasable","14":"product-type-simple"},"exclude_global_add_ons":false,"addons":[{"name":"Weight calculator","type":"custom_text","position":0,"required":false,"title_format":"hide","default":"","description_enable":true,"description":"You can find your vessel\u2019s weight here <a id=\"weightcalc\" style=\"text-decoration: underline;font-weight: bold\" href=\"\/finn-vekt\" target=\"_blank\">here<\/a>.<br><br>\r\nPlease specify your boat model when ordering","placeholder_enable":false,"placeholder":"","display":"select","restrictions_type":"any_text","adjust_price":false,"price":"","price_type":"flat_fee","restrictions":false,"min":"0","max":"0","options":[],"id":1673439216},{"name":"Boat make and model","type":"custom_text","position":1,"required":false,"title_format":"label","default":"","description_enable":false,"description":"","placeholder_enable":false,"placeholder":"","display":"select","restrictions_type":"any_text","adjust_price":false,"price":"","price_type":"flat_fee","restrictions":false,"min":"0","max":"0","options":[],"id":1672136707},{"name":"Boat length","type":"custom_text","position":2,"required":false,"title_format":"label","default":"","description_enable":false,"description":"","placeholder_enable":false,"placeholder":"","display":"select","restrictions_type":"any_text","adjust_price":false,"price":"","price_type":"flat_fee","restrictions":false,"min":"0","max":"0","options":[],"id":1673442410}],"acf":[],"yoast_head":"<!-- This site is optimized with the Yoast SEO plugin v27.3 - https:\/\/yoast.com\/product\/yoast-seo-wordpress\/ -->\n<title>Antisink Flip Over - Antisink<\/title>\n<meta name=\"robots\" content=\"index, follow, max-snippet:-1, max-image-preview:large, max-video-preview:-1\" \/>\n<link rel=\"canonical\" href=\"https:\/\/antisink.no\/en\/product\/flip-over-3\/\" \/>\n<meta property=\"og:locale\" content=\"en_GB\" \/>\n<meta property=\"og:type\" content=\"article\" \/>\n<meta property=\"og:title\" content=\"Antisink Flip Over - Antisink\" \/>\n<meta property=\"og:description\" content=\"Flip best\u00e5r av en CO2-tank, vannsensor og oppdriftspose samlet i \u00e9n enhet. Systemet gir 275kg oppdrift per enhet, og aktiveres automatisk automatisk om b\u00e5ten skulle havne feil vei i vannet eller kantre. Designet og produsert i Norge Antisink er norskprodusert, og har alle de korrekte godkjenningene og kvalitet i alle ledd. Sertifisert og solid Alle &hellip;\" \/>\n<meta property=\"og:url\" content=\"https:\/\/antisink.no\/en\/product\/flip-over-3\/\" \/>\n<meta property=\"og:site_name\" content=\"Antisink\" \/>\n<meta property=\"article:publisher\" content=\"https:\/\/www.facebook.com\/people\/Antisink\/100068630721753\/\" \/>\n<meta property=\"article:modified_time\" content=\"2025-12-20T23:32:39+00:00\" \/>\n<meta property=\"og:image\" content=\"https:\/\/d25nnfydaaise6.cloudfront.net\/wp-content\/uploads\/2025\/12\/18234719\/Flip-Over-scaled.png\" \/>\n\t<meta property=\"og:image:width\" content=\"2560\" \/>\n\t<meta property=\"og:image:height\" content=\"2560\" \/>\n\t<meta property=\"og:image:type\" content=\"image\/png\" \/>\n<meta name=\"twitter:card\" content=\"summary_large_image\" \/>\n<meta name=\"twitter:label1\" content=\"Estimated reading time\" \/>\n\t<meta name=\"twitter:data1\" content=\"2 minutes\" \/>\n<script type=\"application\/ld+json\" class=\"yoast-schema-graph\">{\"@context\":\"https:\\\/\\\/schema.org\",\"@graph\":[{\"@type\":\"WebPage\",\"@id\":\"https:\\\/\\\/antisink.no\\\/produkt\\\/flip-over-3\\\/\",\"url\":\"https:\\\/\\\/antisink.no\\\/produkt\\\/flip-over-3\\\/\",\"name\":\"Antisink Flip Over - Antisink\",\"isPartOf\":{\"@id\":\"https:\\\/\\\/antisink.no\\\/#website\"},\"primaryImageOfPage\":{\"@id\":\"https:\\\/\\\/antisink.no\\\/produkt\\\/flip-over-3\\\/#primaryimage\"},\"image\":{\"@id\":\"https:\\\/\\\/antisink.no\\\/produkt\\\/flip-over-3\\\/#primaryimage\"},\"thumbnailUrl\":\"https:\\\/\\\/d25nnfydaaise6.cloudfront.net\\\/wp-content\\\/uploads\\\/2025\\\/12\\\/18234719\\\/Flip-Over-scaled.png\",\"datePublished\":\"2025-12-18T21:51:53+00:00\",\"dateModified\":\"2025-12-20T23:32:39+00:00\",\"breadcrumb\":{\"@id\":\"https:\\\/\\\/antisink.no\\\/produkt\\\/flip-over-3\\\/#breadcrumb\"},\"inLanguage\":\"en-GB\",\"potentialAction\":[{\"@type\":\"ReadAction\",\"target\":[\"https:\\\/\\\/antisink.no\\\/produkt\\\/flip-over-3\\\/\"]}]},{\"@type\":\"ImageObject\",\"inLanguage\":\"en-GB\",\"@id\":\"https:\\\/\\\/antisink.no\\\/produkt\\\/flip-over-3\\\/#primaryimage\",\"url\":\"https:\\\/\\\/d25nnfydaaise6.cloudfront.net\\\/wp-content\\\/uploads\\\/2025\\\/12\\\/18234719\\\/Flip-Over-scaled.png\",\"contentUrl\":\"https:\\\/\\\/d25nnfydaaise6.cloudfront.net\\\/wp-content\\\/uploads\\\/2025\\\/12\\\/18234719\\\/Flip-Over-scaled.png\",\"width\":2560,\"height\":2560},{\"@type\":\"BreadcrumbList\",\"@id\":\"https:\\\/\\\/antisink.no\\\/produkt\\\/flip-over-3\\\/#breadcrumb\",\"itemListElement\":[{\"@type\":\"ListItem\",\"position\":1,\"name\":\"Hjem\",\"item\":\"https:\\\/\\\/antisink.no\\\/\"},{\"@type\":\"ListItem\",\"position\":2,\"name\":\"V\u00e5re produkter\",\"item\":\"https:\\\/\\\/antisink.no\\\/butikk\\\/\"},{\"@type\":\"ListItem\",\"position\":3,\"name\":\"Antisink Flip Over\"}]},{\"@type\":\"WebSite\",\"@id\":\"https:\\\/\\\/antisink.no\\\/#website\",\"url\":\"https:\\\/\\\/antisink.no\\\/\",\"name\":\"Antisink\",\"description\":\"Keeps you floating\",\"publisher\":{\"@id\":\"https:\\\/\\\/antisink.no\\\/#organization\"},\"potentialAction\":[{\"@type\":\"SearchAction\",\"target\":{\"@type\":\"EntryPoint\",\"urlTemplate\":\"https:\\\/\\\/antisink.no\\\/?s={search_term_string}\"},\"query-input\":{\"@type\":\"PropertyValueSpecification\",\"valueRequired\":true,\"valueName\":\"search_term_string\"}}],\"inLanguage\":\"en-GB\"},{\"@type\":\"Organization\",\"@id\":\"https:\\\/\\\/antisink.no\\\/#organization\",\"name\":\"Antisink\",\"url\":\"https:\\\/\\\/antisink.no\\\/\",\"logo\":{\"@type\":\"ImageObject\",\"inLanguage\":\"en-GB\",\"@id\":\"https:\\\/\\\/antisink.no\\\/#\\\/schema\\\/logo\\\/image\\\/\",\"url\":\"https:\\\/\\\/d25nnfydaaise6.cloudfront.net\\\/wp-content\\\/uploads\\\/2022\\\/11\\\/14090635\\\/Antisink-logo-RGB_outlined.svg\",\"contentUrl\":\"https:\\\/\\\/d25nnfydaaise6.cloudfront.net\\\/wp-content\\\/uploads\\\/2022\\\/11\\\/14090635\\\/Antisink-logo-RGB_outlined.svg\",\"caption\":\"Antisink\"},\"image\":{\"@id\":\"https:\\\/\\\/antisink.no\\\/#\\\/schema\\\/logo\\\/image\\\/\"},\"sameAs\":[\"https:\\\/\\\/www.facebook.com\\\/people\\\/Antisink\\\/100068630721753\\\/\"]}]}<\/script>\n<!-- \/ Yoast SEO plugin. -->","yoast_head_json":{"title":"Antisink Flip Over - Antisink","robots":{"index":"index","follow":"follow","max-snippet":"max-snippet:-1","max-image-preview":"max-image-preview:large","max-video-preview":"max-video-preview:-1"},"canonical":"https:\/\/antisink.no\/en\/product\/flip-over-3\/","og_locale":"en_GB","og_type":"article","og_title":"Antisink Flip Over - Antisink","og_description":"Flip best\u00e5r av en CO2-tank, vannsensor og oppdriftspose samlet i \u00e9n enhet. Systemet gir 275kg oppdrift per enhet, og aktiveres automatisk automatisk om b\u00e5ten skulle havne feil vei i vannet eller kantre. Designet og produsert i Norge Antisink er norskprodusert, og har alle de korrekte godkjenningene og kvalitet i alle ledd. Sertifisert og solid Alle &hellip;","og_url":"https:\/\/antisink.no\/en\/product\/flip-over-3\/","og_site_name":"Antisink","article_publisher":"https:\/\/www.facebook.com\/people\/Antisink\/100068630721753\/","article_modified_time":"2025-12-20T23:32:39+00:00","og_image":[{"width":2560,"height":2560,"url":"https:\/\/d25nnfydaaise6.cloudfront.net\/wp-content\/uploads\/2025\/12\/18234719\/Flip-Over-scaled.png","type":"image\/png"}],"twitter_card":"summary_large_image","twitter_misc":{"Estimated reading time":"2 minutes"},"schema":{"@context":"https:\/\/schema.org","@graph":[{"@type":"WebPage","@id":"https:\/\/antisink.no\/produkt\/flip-over-3\/","url":"https:\/\/antisink.no\/produkt\/flip-over-3\/","name":"Antisink Flip Over - Antisink","isPartOf":{"@id":"https:\/\/antisink.no\/#website"},"primaryImageOfPage":{"@id":"https:\/\/antisink.no\/produkt\/flip-over-3\/#primaryimage"},"image":{"@id":"https:\/\/antisink.no\/produkt\/flip-over-3\/#primaryimage"},"thumbnailUrl":"https:\/\/d25nnfydaaise6.cloudfront.net\/wp-content\/uploads\/2025\/12\/18234719\/Flip-Over-scaled.png","datePublished":"2025-12-18T21:51:53+00:00","dateModified":"2025-12-20T23:32:39+00:00","breadcrumb":{"@id":"https:\/\/antisink.no\/produkt\/flip-over-3\/#breadcrumb"},"inLanguage":"en-GB","potentialAction":[{"@type":"ReadAction","target":["https:\/\/antisink.no\/produkt\/flip-over-3\/"]}]},{"@type":"ImageObject","inLanguage":"en-GB","@id":"https:\/\/antisink.no\/produkt\/flip-over-3\/#primaryimage","url":"https:\/\/d25nnfydaaise6.cloudfront.net\/wp-content\/uploads\/2025\/12\/18234719\/Flip-Over-scaled.png","contentUrl":"https:\/\/d25nnfydaaise6.cloudfront.net\/wp-content\/uploads\/2025\/12\/18234719\/Flip-Over-scaled.png","width":2560,"height":2560},{"@type":"BreadcrumbList","@id":"https:\/\/antisink.no\/produkt\/flip-over-3\/#breadcrumb","itemListElement":[{"@type":"ListItem","position":1,"name":"Hjem","item":"https:\/\/antisink.no\/"},{"@type":"ListItem","position":2,"name":"V\u00e5re produkter","item":"https:\/\/antisink.no\/butikk\/"},{"@type":"ListItem","position":3,"name":"Antisink Flip Over"}]},{"@type":"WebSite","@id":"https:\/\/antisink.no\/#website","url":"https:\/\/antisink.no\/","name":"Antisink","description":"Keeps you floating","publisher":{"@id":"https:\/\/antisink.no\/#organization"},"potentialAction":[{"@type":"SearchAction","target":{"@type":"EntryPoint","urlTemplate":"https:\/\/antisink.no\/?s={search_term_string}"},"query-input":{"@type":"PropertyValueSpecification","valueRequired":true,"valueName":"search_term_string"}}],"inLanguage":"en-GB"},{"@type":"Organization","@id":"https:\/\/antisink.no\/#organization","name":"Antisink","url":"https:\/\/antisink.no\/","logo":{"@type":"ImageObject","inLanguage":"en-GB","@id":"https:\/\/antisink.no\/#\/schema\/logo\/image\/","url":"https:\/\/d25nnfydaaise6.cloudfront.net\/wp-content\/uploads\/2022\/11\/14090635\/Antisink-logo-RGB_outlined.svg","contentUrl":"https:\/\/d25nnfydaaise6.cloudfront.net\/wp-content\/uploads\/2022\/11\/14090635\/Antisink-logo-RGB_outlined.svg","caption":"Antisink"},"image":{"@id":"https:\/\/antisink.no\/#\/schema\/logo\/image\/"},"sameAs":["https:\/\/www.facebook.com\/people\/Antisink\/100068630721753\/"]}]}},"_links":{"self":[{"href":"https:\/\/antisink.no\/en\/wp-json\/wp\/v2\/product\/3403","targetHints":{"allow":["GET"]}}],"collection":[{"href":"https:\/\/antisink.no\/en\/wp-json\/wp\/v2\/product"}],"about":[{"href":"https:\/\/antisink.no\/en\/wp-json\/wp\/v2\/types\/product"}],"wp:featuredmedia":[{"embeddable":true,"href":"https:\/\/antisink.no\/en\/wp-json\/wp\/v2\/media\/3409"}],"wp:attachment":[{"href":"https:\/\/antisink.no\/en\/wp-json\/wp\/v2\/media?parent=3403"}],"wp:term":[{"taxonomy":"product_brand","embeddable":true,"href":"https:\/\/antisink.no\/en\/wp-json\/wp\/v2\/product_brand?post=3403"},{"taxonomy":"product_cat","embeddable":true,"href":"https:\/\/antisink.no\/en\/wp-json\/wp\/v2\/product_cat?post=3403"},{"taxonomy":"product_tag","embeddable":true,"href":"https:\/\/antisink.no\/en\/wp-json\/wp\/v2\/product_tag?post=3403"}],"curies":[{"name":"wp","href":"https:\/\/api.w.org\/{rel}","templated":true}]}}