{"id":3735,"date":"2025-12-23T11:37:56","date_gmt":"2025-12-23T10:37:56","guid":{"rendered":"https:\/\/antisink.no\/?page_id=3735"},"modified":"2025-12-23T12:03:45","modified_gmt":"2025-12-23T11:03:45","slug":"partnere-ny","status":"publish","type":"page","link":"https:\/\/antisink.no\/en\/partnere-ny\/","title":{"rendered":"Partnere &#8211; ny"},"content":{"rendered":"<h1 class=\"wp-block-heading has-text-align-center\"><strong>Partners<\/strong><\/h1>\n\n\n\n<div style=\"height:20px\" aria-hidden=\"true\" class=\"wp-block-spacer\"><\/div>\n\n\n\n<p class=\"has-text-align-center has-medium-font-size\">We work with several insurance companies to help provide safety and peace of mind to as many boat owners as possible. An increasing number of boat manufacturers also offer vessels delivered with Antisink technology pre-installed.<\/p>\n\n\n\n<div style=\"height:20px\" aria-hidden=\"true\" class=\"wp-block-spacer\"><\/div>\n\n\n\n<h2 class=\"wp-block-heading has-text-align-center\">Insurance companies<\/h2>\n\n\n\n<div style=\"height:20px\" aria-hidden=\"true\" class=\"wp-block-spacer\"><\/div>\n\n\n<div class=\"wp-block-image\">\n<figure class=\"aligncenter size-large is-resized\"><img loading=\"lazy\" decoding=\"async\" width=\"1024\" height=\"256\" src=\"https:\/\/d25nnfydaaise6.cloudfront.net\/wp-content\/uploads\/2025\/12\/23113857\/3-2-1024x256.png\" alt=\"\" class=\"wp-image-3740\" style=\"width:610px;height:auto\" srcset=\"https:\/\/d25nnfydaaise6.cloudfront.net\/wp-content\/uploads\/2025\/12\/23113857\/3-2-1024x256.png 1024w, https:\/\/d25nnfydaaise6.cloudfront.net\/wp-content\/uploads\/2025\/12\/23113857\/3-2-300x75.png 300w, https:\/\/d25nnfydaaise6.cloudfront.net\/wp-content\/uploads\/2025\/12\/23113857\/3-2-768x192.png 768w, https:\/\/d25nnfydaaise6.cloudfront.net\/wp-content\/uploads\/2025\/12\/23113857\/3-2-1536x384.png 1536w, https:\/\/d25nnfydaaise6.cloudfront.net\/wp-content\/uploads\/2025\/12\/23113857\/3-2-18x5.png 18w, https:\/\/d25nnfydaaise6.cloudfront.net\/wp-content\/uploads\/2025\/12\/23113857\/3-2-600x150.png 600w, https:\/\/d25nnfydaaise6.cloudfront.net\/wp-content\/uploads\/2025\/12\/23113857\/3-2.png 1600w\" sizes=\"auto, (max-width: 1024px) 100vw, 1024px\" \/><\/figure>\n<\/div>\n\n<div class=\"wp-block-image\">\n<figure class=\"aligncenter size-large is-resized\"><img loading=\"lazy\" decoding=\"async\" width=\"1024\" height=\"256\" src=\"https:\/\/d25nnfydaaise6.cloudfront.net\/wp-content\/uploads\/2025\/12\/23113857\/2-1-1024x256.png\" alt=\"\" class=\"wp-image-3745\" style=\"width:594px;height:auto\" srcset=\"https:\/\/d25nnfydaaise6.cloudfront.net\/wp-content\/uploads\/2025\/12\/23113857\/2-1-1024x256.png 1024w, https:\/\/d25nnfydaaise6.cloudfront.net\/wp-content\/uploads\/2025\/12\/23113857\/2-1-300x75.png 300w, https:\/\/d25nnfydaaise6.cloudfront.net\/wp-content\/uploads\/2025\/12\/23113857\/2-1-768x192.png 768w, https:\/\/d25nnfydaaise6.cloudfront.net\/wp-content\/uploads\/2025\/12\/23113857\/2-1-1536x384.png 1536w, https:\/\/d25nnfydaaise6.cloudfront.net\/wp-content\/uploads\/2025\/12\/23113857\/2-1-18x5.png 18w, https:\/\/d25nnfydaaise6.cloudfront.net\/wp-content\/uploads\/2025\/12\/23113857\/2-1-600x150.png 600w, https:\/\/d25nnfydaaise6.cloudfront.net\/wp-content\/uploads\/2025\/12\/23113857\/2-1.png 1600w\" sizes=\"auto, (max-width: 1024px) 100vw, 1024px\" \/><\/figure>\n<\/div>\n\n<div class=\"wp-block-image\">\n<figure class=\"aligncenter size-large is-resized\"><img loading=\"lazy\" decoding=\"async\" width=\"1024\" height=\"256\" src=\"https:\/\/d25nnfydaaise6.cloudfront.net\/wp-content\/uploads\/2025\/12\/23113857\/1-1-1024x256.png\" alt=\"\" class=\"wp-image-3738\" style=\"width:562px;height:auto\" srcset=\"https:\/\/d25nnfydaaise6.cloudfront.net\/wp-content\/uploads\/2025\/12\/23113857\/1-1-1024x256.png 1024w, https:\/\/d25nnfydaaise6.cloudfront.net\/wp-content\/uploads\/2025\/12\/23113857\/1-1-300x75.png 300w, https:\/\/d25nnfydaaise6.cloudfront.net\/wp-content\/uploads\/2025\/12\/23113857\/1-1-768x192.png 768w, https:\/\/d25nnfydaaise6.cloudfront.net\/wp-content\/uploads\/2025\/12\/23113857\/1-1-1536x384.png 1536w, https:\/\/d25nnfydaaise6.cloudfront.net\/wp-content\/uploads\/2025\/12\/23113857\/1-1-18x5.png 18w, https:\/\/d25nnfydaaise6.cloudfront.net\/wp-content\/uploads\/2025\/12\/23113857\/1-1-600x150.png 600w, https:\/\/d25nnfydaaise6.cloudfront.net\/wp-content\/uploads\/2025\/12\/23113857\/1-1.png 1600w\" sizes=\"auto, (max-width: 1024px) 100vw, 1024px\" \/><\/figure>\n<\/div>\n\n<div class=\"wp-block-image\">\n<figure class=\"aligncenter size-large is-resized\"><img loading=\"lazy\" decoding=\"async\" width=\"1024\" height=\"256\" src=\"https:\/\/d25nnfydaaise6.cloudfront.net\/wp-content\/uploads\/2025\/12\/23113857\/5-1-1024x256.png\" alt=\"\" class=\"wp-image-3744\" style=\"width:588px;height:auto\" srcset=\"https:\/\/d25nnfydaaise6.cloudfront.net\/wp-content\/uploads\/2025\/12\/23113857\/5-1-1024x256.png 1024w, https:\/\/d25nnfydaaise6.cloudfront.net\/wp-content\/uploads\/2025\/12\/23113857\/5-1-300x75.png 300w, https:\/\/d25nnfydaaise6.cloudfront.net\/wp-content\/uploads\/2025\/12\/23113857\/5-1-768x192.png 768w, https:\/\/d25nnfydaaise6.cloudfront.net\/wp-content\/uploads\/2025\/12\/23113857\/5-1-1536x384.png 1536w, https:\/\/d25nnfydaaise6.cloudfront.net\/wp-content\/uploads\/2025\/12\/23113857\/5-1-18x5.png 18w, https:\/\/d25nnfydaaise6.cloudfront.net\/wp-content\/uploads\/2025\/12\/23113857\/5-1-600x150.png 600w, https:\/\/d25nnfydaaise6.cloudfront.net\/wp-content\/uploads\/2025\/12\/23113857\/5-1.png 1600w\" sizes=\"auto, (max-width: 1024px) 100vw, 1024px\" \/><\/figure>\n<\/div>\n\n<div class=\"wp-block-image\">\n<figure class=\"aligncenter size-large is-resized\"><img loading=\"lazy\" decoding=\"async\" width=\"1024\" height=\"256\" src=\"https:\/\/d25nnfydaaise6.cloudfront.net\/wp-content\/uploads\/2025\/12\/23113857\/6-1-1024x256.png\" alt=\"\" class=\"wp-image-3743\" style=\"width:508px;height:auto\" srcset=\"https:\/\/d25nnfydaaise6.cloudfront.net\/wp-content\/uploads\/2025\/12\/23113857\/6-1-1024x256.png 1024w, https:\/\/d25nnfydaaise6.cloudfront.net\/wp-content\/uploads\/2025\/12\/23113857\/6-1-300x75.png 300w, https:\/\/d25nnfydaaise6.cloudfront.net\/wp-content\/uploads\/2025\/12\/23113857\/6-1-768x192.png 768w, https:\/\/d25nnfydaaise6.cloudfront.net\/wp-content\/uploads\/2025\/12\/23113857\/6-1-1536x384.png 1536w, https:\/\/d25nnfydaaise6.cloudfront.net\/wp-content\/uploads\/2025\/12\/23113857\/6-1-18x5.png 18w, https:\/\/d25nnfydaaise6.cloudfront.net\/wp-content\/uploads\/2025\/12\/23113857\/6-1-600x150.png 600w, https:\/\/d25nnfydaaise6.cloudfront.net\/wp-content\/uploads\/2025\/12\/23113857\/6-1.png 1600w\" sizes=\"auto, (max-width: 1024px) 100vw, 1024px\" \/><\/figure>\n<\/div>\n\n<div class=\"wp-block-image\">\n<figure class=\"aligncenter size-large\"><img loading=\"lazy\" decoding=\"async\" width=\"1024\" height=\"256\" src=\"https:\/\/d25nnfydaaise6.cloudfront.net\/wp-content\/uploads\/2025\/12\/23113857\/7-1-1024x256.png\" alt=\"\" class=\"wp-image-3742\" srcset=\"https:\/\/d25nnfydaaise6.cloudfront.net\/wp-content\/uploads\/2025\/12\/23113857\/7-1-1024x256.png 1024w, https:\/\/d25nnfydaaise6.cloudfront.net\/wp-content\/uploads\/2025\/12\/23113857\/7-1-300x75.png 300w, https:\/\/d25nnfydaaise6.cloudfront.net\/wp-content\/uploads\/2025\/12\/23113857\/7-1-768x192.png 768w, https:\/\/d25nnfydaaise6.cloudfront.net\/wp-content\/uploads\/2025\/12\/23113857\/7-1-1536x384.png 1536w, https:\/\/d25nnfydaaise6.cloudfront.net\/wp-content\/uploads\/2025\/12\/23113857\/7-1-18x5.png 18w, https:\/\/d25nnfydaaise6.cloudfront.net\/wp-content\/uploads\/2025\/12\/23113857\/7-1-600x150.png 600w, https:\/\/d25nnfydaaise6.cloudfront.net\/wp-content\/uploads\/2025\/12\/23113857\/7-1.png 1600w\" sizes=\"auto, (max-width: 1024px) 100vw, 1024px\" \/><\/figure>\n<\/div>\n\n<div class=\"wp-block-image\">\n<figure class=\"aligncenter size-large is-resized\"><img loading=\"lazy\" decoding=\"async\" width=\"1024\" height=\"256\" src=\"https:\/\/d25nnfydaaise6.cloudfront.net\/wp-content\/uploads\/2025\/12\/23113857\/8-1-1024x256.png\" alt=\"\" class=\"wp-image-3741\" style=\"width:560px;height:auto\" srcset=\"https:\/\/d25nnfydaaise6.cloudfront.net\/wp-content\/uploads\/2025\/12\/23113857\/8-1-1024x256.png 1024w, https:\/\/d25nnfydaaise6.cloudfront.net\/wp-content\/uploads\/2025\/12\/23113857\/8-1-300x75.png 300w, https:\/\/d25nnfydaaise6.cloudfront.net\/wp-content\/uploads\/2025\/12\/23113857\/8-1-768x192.png 768w, https:\/\/d25nnfydaaise6.cloudfront.net\/wp-content\/uploads\/2025\/12\/23113857\/8-1-1536x384.png 1536w, https:\/\/d25nnfydaaise6.cloudfront.net\/wp-content\/uploads\/2025\/12\/23113857\/8-1-18x5.png 18w, https:\/\/d25nnfydaaise6.cloudfront.net\/wp-content\/uploads\/2025\/12\/23113857\/8-1-600x150.png 600w, https:\/\/d25nnfydaaise6.cloudfront.net\/wp-content\/uploads\/2025\/12\/23113857\/8-1.png 1600w\" sizes=\"auto, (max-width: 1024px) 100vw, 1024px\" \/><\/figure>\n<\/div>\n\n\n<div style=\"height:60px\" aria-hidden=\"true\" class=\"wp-block-spacer\"><\/div>\n\n\n\n<h2 class=\"wp-block-heading has-text-align-center\">Other partners<\/h2>\n\n\n\n<div style=\"height:20px\" aria-hidden=\"true\" class=\"wp-block-spacer\"><\/div>\n\n\n<div class=\"wp-block-image\">\n<figure class=\"aligncenter size-large is-resized\"><img loading=\"lazy\" decoding=\"async\" width=\"1024\" height=\"256\" src=\"https:\/\/d25nnfydaaise6.cloudfront.net\/wp-content\/uploads\/2025\/12\/23115111\/13-1-1024x256.png\" alt=\"\" class=\"wp-image-3765\" style=\"width:485px;height:auto\" srcset=\"https:\/\/d25nnfydaaise6.cloudfront.net\/wp-content\/uploads\/2025\/12\/23115111\/13-1-1024x256.png 1024w, https:\/\/d25nnfydaaise6.cloudfront.net\/wp-content\/uploads\/2025\/12\/23115111\/13-1-300x75.png 300w, https:\/\/d25nnfydaaise6.cloudfront.net\/wp-content\/uploads\/2025\/12\/23115111\/13-1-768x192.png 768w, https:\/\/d25nnfydaaise6.cloudfront.net\/wp-content\/uploads\/2025\/12\/23115111\/13-1-1536x384.png 1536w, https:\/\/d25nnfydaaise6.cloudfront.net\/wp-content\/uploads\/2025\/12\/23115111\/13-1-18x5.png 18w, https:\/\/d25nnfydaaise6.cloudfront.net\/wp-content\/uploads\/2025\/12\/23115111\/13-1-600x150.png 600w, https:\/\/d25nnfydaaise6.cloudfront.net\/wp-content\/uploads\/2025\/12\/23115111\/13-1.png 1600w\" sizes=\"auto, (max-width: 1024px) 100vw, 1024px\" \/><\/figure>\n<\/div>\n\n<div class=\"wp-block-image\">\n<figure class=\"aligncenter size-large is-resized\"><img loading=\"lazy\" decoding=\"async\" width=\"1024\" height=\"256\" src=\"https:\/\/d25nnfydaaise6.cloudfront.net\/wp-content\/uploads\/2025\/12\/23115121\/16-1-1024x256.png\" alt=\"\" class=\"wp-image-3766\" style=\"width:700px;height:auto\" srcset=\"https:\/\/d25nnfydaaise6.cloudfront.net\/wp-content\/uploads\/2025\/12\/23115121\/16-1-1024x256.png 1024w, https:\/\/d25nnfydaaise6.cloudfront.net\/wp-content\/uploads\/2025\/12\/23115121\/16-1-300x75.png 300w, https:\/\/d25nnfydaaise6.cloudfront.net\/wp-content\/uploads\/2025\/12\/23115121\/16-1-768x192.png 768w, https:\/\/d25nnfydaaise6.cloudfront.net\/wp-content\/uploads\/2025\/12\/23115121\/16-1-1536x384.png 1536w, https:\/\/d25nnfydaaise6.cloudfront.net\/wp-content\/uploads\/2025\/12\/23115121\/16-1-18x5.png 18w, https:\/\/d25nnfydaaise6.cloudfront.net\/wp-content\/uploads\/2025\/12\/23115121\/16-1-600x150.png 600w, https:\/\/d25nnfydaaise6.cloudfront.net\/wp-content\/uploads\/2025\/12\/23115121\/16-1.png 1600w\" sizes=\"auto, (max-width: 1024px) 100vw, 1024px\" \/><\/figure>\n<\/div>\n\n<div class=\"wp-block-image\">\n<figure class=\"aligncenter size-large is-resized\"><img loading=\"lazy\" decoding=\"async\" width=\"1024\" height=\"256\" src=\"https:\/\/d25nnfydaaise6.cloudfront.net\/wp-content\/uploads\/2025\/12\/23115132\/12-1-1024x256.png\" alt=\"\" class=\"wp-image-3767\" style=\"width:576px;height:auto\" srcset=\"https:\/\/d25nnfydaaise6.cloudfront.net\/wp-content\/uploads\/2025\/12\/23115132\/12-1-1024x256.png 1024w, https:\/\/d25nnfydaaise6.cloudfront.net\/wp-content\/uploads\/2025\/12\/23115132\/12-1-300x75.png 300w, https:\/\/d25nnfydaaise6.cloudfront.net\/wp-content\/uploads\/2025\/12\/23115132\/12-1-768x192.png 768w, https:\/\/d25nnfydaaise6.cloudfront.net\/wp-content\/uploads\/2025\/12\/23115132\/12-1-1536x384.png 1536w, https:\/\/d25nnfydaaise6.cloudfront.net\/wp-content\/uploads\/2025\/12\/23115132\/12-1-18x5.png 18w, https:\/\/d25nnfydaaise6.cloudfront.net\/wp-content\/uploads\/2025\/12\/23115132\/12-1-600x150.png 600w, https:\/\/d25nnfydaaise6.cloudfront.net\/wp-content\/uploads\/2025\/12\/23115132\/12-1.png 1600w\" sizes=\"auto, (max-width: 1024px) 100vw, 1024px\" \/><\/figure>\n<\/div>\n\n<div class=\"wp-block-image\">\n<figure class=\"aligncenter size-large is-resized\"><img loading=\"lazy\" decoding=\"async\" width=\"1024\" height=\"256\" src=\"https:\/\/d25nnfydaaise6.cloudfront.net\/wp-content\/uploads\/2025\/12\/23115144\/10-1-1024x256.png\" alt=\"\" class=\"wp-image-3768\" style=\"width:552px;height:auto\" srcset=\"https:\/\/d25nnfydaaise6.cloudfront.net\/wp-content\/uploads\/2025\/12\/23115144\/10-1-1024x256.png 1024w, https:\/\/d25nnfydaaise6.cloudfront.net\/wp-content\/uploads\/2025\/12\/23115144\/10-1-300x75.png 300w, https:\/\/d25nnfydaaise6.cloudfront.net\/wp-content\/uploads\/2025\/12\/23115144\/10-1-768x192.png 768w, https:\/\/d25nnfydaaise6.cloudfront.net\/wp-content\/uploads\/2025\/12\/23115144\/10-1-1536x384.png 1536w, https:\/\/d25nnfydaaise6.cloudfront.net\/wp-content\/uploads\/2025\/12\/23115144\/10-1-18x5.png 18w, https:\/\/d25nnfydaaise6.cloudfront.net\/wp-content\/uploads\/2025\/12\/23115144\/10-1-600x150.png 600w, https:\/\/d25nnfydaaise6.cloudfront.net\/wp-content\/uploads\/2025\/12\/23115144\/10-1.png 1600w\" sizes=\"auto, (max-width: 1024px) 100vw, 1024px\" \/><\/figure>\n<\/div>\n\n<div class=\"wp-block-image\">\n<figure class=\"aligncenter size-large is-resized\"><img loading=\"lazy\" decoding=\"async\" width=\"1024\" height=\"256\" src=\"https:\/\/d25nnfydaaise6.cloudfront.net\/wp-content\/uploads\/2025\/12\/23115206\/11-1-1024x256.png\" alt=\"\" class=\"wp-image-3769\" style=\"width:556px;height:auto\" srcset=\"https:\/\/d25nnfydaaise6.cloudfront.net\/wp-content\/uploads\/2025\/12\/23115206\/11-1-1024x256.png 1024w, https:\/\/d25nnfydaaise6.cloudfront.net\/wp-content\/uploads\/2025\/12\/23115206\/11-1-300x75.png 300w, https:\/\/d25nnfydaaise6.cloudfront.net\/wp-content\/uploads\/2025\/12\/23115206\/11-1-768x192.png 768w, https:\/\/d25nnfydaaise6.cloudfront.net\/wp-content\/uploads\/2025\/12\/23115206\/11-1-1536x384.png 1536w, https:\/\/d25nnfydaaise6.cloudfront.net\/wp-content\/uploads\/2025\/12\/23115206\/11-1-18x5.png 18w, https:\/\/d25nnfydaaise6.cloudfront.net\/wp-content\/uploads\/2025\/12\/23115206\/11-1-600x150.png 600w, https:\/\/d25nnfydaaise6.cloudfront.net\/wp-content\/uploads\/2025\/12\/23115206\/11-1.png 1600w\" sizes=\"auto, (max-width: 1024px) 100vw, 1024px\" \/><\/figure>\n<\/div>\n\n<div class=\"wp-block-image\">\n<figure class=\"aligncenter size-large is-resized\"><img loading=\"lazy\" decoding=\"async\" width=\"1024\" height=\"256\" src=\"https:\/\/d25nnfydaaise6.cloudfront.net\/wp-content\/uploads\/2025\/12\/23115217\/15-1-1024x256.png\" alt=\"\" class=\"wp-image-3771\" style=\"width:644px;height:auto\" srcset=\"https:\/\/d25nnfydaaise6.cloudfront.net\/wp-content\/uploads\/2025\/12\/23115217\/15-1-1024x256.png 1024w, https:\/\/d25nnfydaaise6.cloudfront.net\/wp-content\/uploads\/2025\/12\/23115217\/15-1-300x75.png 300w, https:\/\/d25nnfydaaise6.cloudfront.net\/wp-content\/uploads\/2025\/12\/23115217\/15-1-768x192.png 768w, https:\/\/d25nnfydaaise6.cloudfront.net\/wp-content\/uploads\/2025\/12\/23115217\/15-1-1536x384.png 1536w, https:\/\/d25nnfydaaise6.cloudfront.net\/wp-content\/uploads\/2025\/12\/23115217\/15-1-18x5.png 18w, https:\/\/d25nnfydaaise6.cloudfront.net\/wp-content\/uploads\/2025\/12\/23115217\/15-1-600x150.png 600w, https:\/\/d25nnfydaaise6.cloudfront.net\/wp-content\/uploads\/2025\/12\/23115217\/15-1.png 1600w\" sizes=\"auto, (max-width: 1024px) 100vw, 1024px\" \/><\/figure>\n<\/div>\n\n<div class=\"wp-block-image\">\n<figure class=\"aligncenter size-large\"><img loading=\"lazy\" decoding=\"async\" width=\"1024\" height=\"256\" src=\"https:\/\/d25nnfydaaise6.cloudfront.net\/wp-content\/uploads\/2025\/12\/23115231\/4-2-1024x256.png\" alt=\"\" class=\"wp-image-3772\" srcset=\"https:\/\/d25nnfydaaise6.cloudfront.net\/wp-content\/uploads\/2025\/12\/23115231\/4-2-1024x256.png 1024w, https:\/\/d25nnfydaaise6.cloudfront.net\/wp-content\/uploads\/2025\/12\/23115231\/4-2-300x75.png 300w, https:\/\/d25nnfydaaise6.cloudfront.net\/wp-content\/uploads\/2025\/12\/23115231\/4-2-768x192.png 768w, https:\/\/d25nnfydaaise6.cloudfront.net\/wp-content\/uploads\/2025\/12\/23115231\/4-2-1536x384.png 1536w, https:\/\/d25nnfydaaise6.cloudfront.net\/wp-content\/uploads\/2025\/12\/23115231\/4-2-18x5.png 18w, https:\/\/d25nnfydaaise6.cloudfront.net\/wp-content\/uploads\/2025\/12\/23115231\/4-2-600x150.png 600w, https:\/\/d25nnfydaaise6.cloudfront.net\/wp-content\/uploads\/2025\/12\/23115231\/4-2.png 1600w\" sizes=\"auto, (max-width: 1024px) 100vw, 1024px\" \/><\/figure>\n<\/div>\n\n<div class=\"wp-block-image\">\n<figure class=\"aligncenter size-large is-resized\"><img loading=\"lazy\" decoding=\"async\" width=\"1024\" height=\"256\" src=\"https:\/\/d25nnfydaaise6.cloudfront.net\/wp-content\/uploads\/2025\/12\/23115243\/9-1-1024x256.png\" alt=\"\" class=\"wp-image-3773\" style=\"width:648px;height:auto\" srcset=\"https:\/\/d25nnfydaaise6.cloudfront.net\/wp-content\/uploads\/2025\/12\/23115243\/9-1-1024x256.png 1024w, https:\/\/d25nnfydaaise6.cloudfront.net\/wp-content\/uploads\/2025\/12\/23115243\/9-1-300x75.png 300w, https:\/\/d25nnfydaaise6.cloudfront.net\/wp-content\/uploads\/2025\/12\/23115243\/9-1-768x192.png 768w, https:\/\/d25nnfydaaise6.cloudfront.net\/wp-content\/uploads\/2025\/12\/23115243\/9-1-1536x384.png 1536w, https:\/\/d25nnfydaaise6.cloudfront.net\/wp-content\/uploads\/2025\/12\/23115243\/9-1-18x5.png 18w, https:\/\/d25nnfydaaise6.cloudfront.net\/wp-content\/uploads\/2025\/12\/23115243\/9-1-600x150.png 600w, https:\/\/d25nnfydaaise6.cloudfront.net\/wp-content\/uploads\/2025\/12\/23115243\/9-1.png 1600w\" sizes=\"auto, (max-width: 1024px) 100vw, 1024px\" \/><\/figure>\n<\/div>","protected":false},"excerpt":{"rendered":"<p>Partnere Vi samarbeider med flere forsikringsselskaper for \u00e5 kunne tilby trygghet til flest mulig b\u00e5teiere. Flere og flere b\u00e5tprodusenter har ogs\u00e5 mulighet til \u00e5 levere b\u00e5ter med Antisink-teknologi ferdig montert. Forsikringsselskaper Andre samarbeidspartnere<\/p>","protected":false},"author":4,"featured_media":0,"parent":0,"menu_order":0,"comment_status":"closed","ping_status":"closed","template":"","meta":{"_acf_changed":false,"inline_featured_image":false,"footnotes":"","_links_to":"","_links_to_target":""},"class_list":["post-3735","page","type-page","status-publish","hentry"],"acf":[],"yoast_head":"<!-- This site is optimized with the Yoast SEO plugin v27.5 - https:\/\/yoast.com\/product\/yoast-seo-wordpress\/ -->\n<title>Partnere - ny - Antisink<\/title>\n<meta name=\"robots\" content=\"index, follow, max-snippet:-1, max-image-preview:large, max-video-preview:-1\" \/>\n<link rel=\"canonical\" href=\"https:\/\/antisink.no\/en\/partnere-ny\/\" \/>\n<meta property=\"og:locale\" content=\"en_GB\" \/>\n<meta property=\"og:type\" content=\"article\" \/>\n<meta property=\"og:title\" content=\"Partnere - ny - Antisink\" \/>\n<meta property=\"og:description\" content=\"Partnere Vi samarbeider med flere forsikringsselskaper for \u00e5 kunne tilby trygghet til flest mulig b\u00e5teiere. Flere og flere b\u00e5tprodusenter har ogs\u00e5 mulighet til \u00e5 levere b\u00e5ter med Antisink-teknologi ferdig montert. Forsikringsselskaper Andre samarbeidspartnere\" \/>\n<meta property=\"og:url\" content=\"https:\/\/antisink.no\/en\/partnere-ny\/\" \/>\n<meta property=\"og:site_name\" content=\"Antisink\" \/>\n<meta property=\"article:publisher\" content=\"https:\/\/www.facebook.com\/people\/Antisink\/100068630721753\/\" \/>\n<meta property=\"article:modified_time\" content=\"2025-12-23T11:03:45+00:00\" \/>\n<meta property=\"og:image\" content=\"https:\/\/antisink.no\/wp-content\/uploads\/2025\/12\/3-2-1024x256.png\" \/>\n<meta name=\"twitter:card\" content=\"summary_large_image\" \/>\n<meta name=\"twitter:label1\" content=\"Estimated reading time\" \/>\n\t<meta name=\"twitter:data1\" content=\"4 minutes\" \/>\n<script type=\"application\/ld+json\" class=\"yoast-schema-graph\">{\"@context\":\"https:\\\/\\\/schema.org\",\"@graph\":[{\"@type\":\"WebPage\",\"@id\":\"https:\\\/\\\/antisink.no\\\/partnere-ny\\\/\",\"url\":\"https:\\\/\\\/antisink.no\\\/partnere-ny\\\/\",\"name\":\"Partnere - ny - Antisink\",\"isPartOf\":{\"@id\":\"https:\\\/\\\/antisink.no\\\/#website\"},\"primaryImageOfPage\":{\"@id\":\"https:\\\/\\\/antisink.no\\\/partnere-ny\\\/#primaryimage\"},\"image\":{\"@id\":\"https:\\\/\\\/antisink.no\\\/partnere-ny\\\/#primaryimage\"},\"thumbnailUrl\":\"https:\\\/\\\/antisink.no\\\/wp-content\\\/uploads\\\/2025\\\/12\\\/3-2-1024x256.png\",\"datePublished\":\"2025-12-23T10:37:56+00:00\",\"dateModified\":\"2025-12-23T11:03:45+00:00\",\"breadcrumb\":{\"@id\":\"https:\\\/\\\/antisink.no\\\/partnere-ny\\\/#breadcrumb\"},\"inLanguage\":\"en-GB\",\"potentialAction\":[{\"@type\":\"ReadAction\",\"target\":[\"https:\\\/\\\/antisink.no\\\/partnere-ny\\\/\"]}]},{\"@type\":\"ImageObject\",\"inLanguage\":\"en-GB\",\"@id\":\"https:\\\/\\\/antisink.no\\\/partnere-ny\\\/#primaryimage\",\"url\":\"https:\\\/\\\/antisink.no\\\/wp-content\\\/uploads\\\/2025\\\/12\\\/3-2-1024x256.png\",\"contentUrl\":\"https:\\\/\\\/antisink.no\\\/wp-content\\\/uploads\\\/2025\\\/12\\\/3-2-1024x256.png\"},{\"@type\":\"BreadcrumbList\",\"@id\":\"https:\\\/\\\/antisink.no\\\/partnere-ny\\\/#breadcrumb\",\"itemListElement\":[{\"@type\":\"ListItem\",\"position\":1,\"name\":\"Hjem\",\"item\":\"https:\\\/\\\/antisink.no\\\/\"},{\"@type\":\"ListItem\",\"position\":2,\"name\":\"Partnere &#8211; ny\"}]},{\"@type\":\"WebSite\",\"@id\":\"https:\\\/\\\/antisink.no\\\/#website\",\"url\":\"https:\\\/\\\/antisink.no\\\/\",\"name\":\"Antisink\",\"description\":\"Keeps you floating\",\"publisher\":{\"@id\":\"https:\\\/\\\/antisink.no\\\/#organization\"},\"potentialAction\":[{\"@type\":\"SearchAction\",\"target\":{\"@type\":\"EntryPoint\",\"urlTemplate\":\"https:\\\/\\\/antisink.no\\\/?s={search_term_string}\"},\"query-input\":{\"@type\":\"PropertyValueSpecification\",\"valueRequired\":true,\"valueName\":\"search_term_string\"}}],\"inLanguage\":\"en-GB\"},{\"@type\":\"Organization\",\"@id\":\"https:\\\/\\\/antisink.no\\\/#organization\",\"name\":\"Antisink\",\"url\":\"https:\\\/\\\/antisink.no\\\/\",\"logo\":{\"@type\":\"ImageObject\",\"inLanguage\":\"en-GB\",\"@id\":\"https:\\\/\\\/antisink.no\\\/#\\\/schema\\\/logo\\\/image\\\/\",\"url\":\"https:\\\/\\\/d25nnfydaaise6.cloudfront.net\\\/wp-content\\\/uploads\\\/2022\\\/11\\\/14090635\\\/Antisink-logo-RGB_outlined.svg\",\"contentUrl\":\"https:\\\/\\\/d25nnfydaaise6.cloudfront.net\\\/wp-content\\\/uploads\\\/2022\\\/11\\\/14090635\\\/Antisink-logo-RGB_outlined.svg\",\"caption\":\"Antisink\"},\"image\":{\"@id\":\"https:\\\/\\\/antisink.no\\\/#\\\/schema\\\/logo\\\/image\\\/\"},\"sameAs\":[\"https:\\\/\\\/www.facebook.com\\\/people\\\/Antisink\\\/100068630721753\\\/\"]}]}<\/script>\n<!-- \/ Yoast SEO plugin. -->","yoast_head_json":{"title":"Partnere - ny - Antisink","robots":{"index":"index","follow":"follow","max-snippet":"max-snippet:-1","max-image-preview":"max-image-preview:large","max-video-preview":"max-video-preview:-1"},"canonical":"https:\/\/antisink.no\/en\/partnere-ny\/","og_locale":"en_GB","og_type":"article","og_title":"Partnere - ny - Antisink","og_description":"Partnere Vi samarbeider med flere forsikringsselskaper for \u00e5 kunne tilby trygghet til flest mulig b\u00e5teiere. Flere og flere b\u00e5tprodusenter har ogs\u00e5 mulighet til \u00e5 levere b\u00e5ter med Antisink-teknologi ferdig montert. Forsikringsselskaper Andre samarbeidspartnere","og_url":"https:\/\/antisink.no\/en\/partnere-ny\/","og_site_name":"Antisink","article_publisher":"https:\/\/www.facebook.com\/people\/Antisink\/100068630721753\/","article_modified_time":"2025-12-23T11:03:45+00:00","og_image":[{"url":"https:\/\/antisink.no\/wp-content\/uploads\/2025\/12\/3-2-1024x256.png","type":"","width":"","height":""}],"twitter_card":"summary_large_image","twitter_misc":{"Estimated reading time":"4 minutes"},"schema":{"@context":"https:\/\/schema.org","@graph":[{"@type":"WebPage","@id":"https:\/\/antisink.no\/partnere-ny\/","url":"https:\/\/antisink.no\/partnere-ny\/","name":"Partnere - ny - Antisink","isPartOf":{"@id":"https:\/\/antisink.no\/#website"},"primaryImageOfPage":{"@id":"https:\/\/antisink.no\/partnere-ny\/#primaryimage"},"image":{"@id":"https:\/\/antisink.no\/partnere-ny\/#primaryimage"},"thumbnailUrl":"https:\/\/antisink.no\/wp-content\/uploads\/2025\/12\/3-2-1024x256.png","datePublished":"2025-12-23T10:37:56+00:00","dateModified":"2025-12-23T11:03:45+00:00","breadcrumb":{"@id":"https:\/\/antisink.no\/partnere-ny\/#breadcrumb"},"inLanguage":"en-GB","potentialAction":[{"@type":"ReadAction","target":["https:\/\/antisink.no\/partnere-ny\/"]}]},{"@type":"ImageObject","inLanguage":"en-GB","@id":"https:\/\/antisink.no\/partnere-ny\/#primaryimage","url":"https:\/\/antisink.no\/wp-content\/uploads\/2025\/12\/3-2-1024x256.png","contentUrl":"https:\/\/antisink.no\/wp-content\/uploads\/2025\/12\/3-2-1024x256.png"},{"@type":"BreadcrumbList","@id":"https:\/\/antisink.no\/partnere-ny\/#breadcrumb","itemListElement":[{"@type":"ListItem","position":1,"name":"Hjem","item":"https:\/\/antisink.no\/"},{"@type":"ListItem","position":2,"name":"Partnere &#8211; ny"}]},{"@type":"WebSite","@id":"https:\/\/antisink.no\/#website","url":"https:\/\/antisink.no\/","name":"Antisink","description":"Keeps you floating","publisher":{"@id":"https:\/\/antisink.no\/#organization"},"potentialAction":[{"@type":"SearchAction","target":{"@type":"EntryPoint","urlTemplate":"https:\/\/antisink.no\/?s={search_term_string}"},"query-input":{"@type":"PropertyValueSpecification","valueRequired":true,"valueName":"search_term_string"}}],"inLanguage":"en-GB"},{"@type":"Organization","@id":"https:\/\/antisink.no\/#organization","name":"Antisink","url":"https:\/\/antisink.no\/","logo":{"@type":"ImageObject","inLanguage":"en-GB","@id":"https:\/\/antisink.no\/#\/schema\/logo\/image\/","url":"https:\/\/d25nnfydaaise6.cloudfront.net\/wp-content\/uploads\/2022\/11\/14090635\/Antisink-logo-RGB_outlined.svg","contentUrl":"https:\/\/d25nnfydaaise6.cloudfront.net\/wp-content\/uploads\/2022\/11\/14090635\/Antisink-logo-RGB_outlined.svg","caption":"Antisink"},"image":{"@id":"https:\/\/antisink.no\/#\/schema\/logo\/image\/"},"sameAs":["https:\/\/www.facebook.com\/people\/Antisink\/100068630721753\/"]}]}},"_links":{"self":[{"href":"https:\/\/antisink.no\/en\/wp-json\/wp\/v2\/pages\/3735","targetHints":{"allow":["GET"]}}],"collection":[{"href":"https:\/\/antisink.no\/en\/wp-json\/wp\/v2\/pages"}],"about":[{"href":"https:\/\/antisink.no\/en\/wp-json\/wp\/v2\/types\/page"}],"author":[{"embeddable":true,"href":"https:\/\/antisink.no\/en\/wp-json\/wp\/v2\/users\/4"}],"replies":[{"embeddable":true,"href":"https:\/\/antisink.no\/en\/wp-json\/wp\/v2\/comments?post=3735"}],"version-history":[{"count":21,"href":"https:\/\/antisink.no\/en\/wp-json\/wp\/v2\/pages\/3735\/revisions"}],"predecessor-version":[{"id":3786,"href":"https:\/\/antisink.no\/en\/wp-json\/wp\/v2\/pages\/3735\/revisions\/3786"}],"wp:attachment":[{"href":"https:\/\/antisink.no\/en\/wp-json\/wp\/v2\/media?parent=3735"}],"curies":[{"name":"wp","href":"https:\/\/api.w.org\/{rel}","templated":true}]}}