{"id":3352,"date":"2025-12-16T23:56:54","date_gmt":"2025-12-16T22:56:54","guid":{"rendered":"https:\/\/antisink.no\/?page_id=3352"},"modified":"2026-03-08T22:43:44","modified_gmt":"2026-03-08T21:43:44","slug":"antisink-large-boat-kit","status":"publish","type":"page","link":"https:\/\/antisink.no\/en\/antisink-large-boat-kit\/","title":{"rendered":"Antisink\u00a0Large Boat Kit &#8211; Ny"},"content":{"rendered":"<h1 class=\"wp-block-heading has-text-align-center\">Antisink <strong>Large Boat Kit<\/strong><\/h1>\n\n\n\n<div style=\"height:20px\" aria-hidden=\"true\" class=\"wp-block-spacer\"><\/div>\n\n\n\n<p class=\"has-text-align-center has-medium-font-size\" style=\"padding-top:0;padding-right:0rem;padding-bottom:0;padding-left:0rem;text-transform:none\">The Large Boat Kit is a system designed for\nlarger boats, providing immediate lift and\nstabilization when taking on water.<\/p>\n\n\n\n<h4 class=\"wp-block-heading has-text-align-center has-text-color has-link-color wp-elements-1c46cc3cc2870e0f590e58d9388aed06\" style=\"color:#59c3d7\"><br>Price from NOK 24 900<\/h4>\n\n\n\n<div style=\"height:21px\" aria-hidden=\"true\" class=\"wp-block-spacer\"><\/div>\n\n\n\n<figure class=\"wp-block-embed is-type-video is-provider-youtube wp-block-embed-youtube wp-embed-aspect-16-9 wp-has-aspect-ratio\"><div class=\"wp-block-embed__wrapper\">\n<div class=\"suki-oembed suki-oembed-video\" style=\"padding-top: 56.228%;\"><iframe loading=\"lazy\" title=\"Antisink - Animation video of how the system works\" width=\"1140\" height=\"641\" src=\"https:\/\/www.youtube.com\/embed\/oDhyx-VwxCc?feature=oembed\" frameborder=\"0\" allow=\"accelerometer; autoplay; clipboard-write; encrypted-media; gyroscope; picture-in-picture; web-share\" referrerpolicy=\"strict-origin-when-cross-origin\" allowfullscreen><\/iframe><\/div>\n<\/div><\/figure>\n\n\n\n<div style=\"height:50px\" aria-hidden=\"true\" class=\"wp-block-spacer\"><\/div>\n\n\n\n<h2 class=\"wp-block-heading\">Large Boat Kit<\/h2>\n\n\n\n<p class=\"has-regular-font-size\" style=\"padding-right:0px;padding-left:0px\">When the system detects extensive flooding, it automatically activates.<\/p>\n\n\n\n<p class=\"has-regular-font-size\">The buoyancy bags inflate in under 60 seconds, delivering 10,000 newtons of lift or more, depending on configuration. This helps keep the vessel afloat, stabilizing it, and gives valuable time to respond.<\/p>\n\n\n\n<p class=\"has-regular-font-size\">The system is installed internally within the vessel and consists of a CO2 tank, water sensor, buoyancy bags, and connecting hoses that distribute air evenly between the bags. The components work together as a single system to ensure rapid and controlled buoyancy.<\/p>\n\n\n\n<p class=\"has-regular-font-size\">The Large Boat Kit is available in multiple configurations, tailored to the vessel\u2019s size and weight.<\/p>\n\n\n\n<div style=\"height:50px\" aria-hidden=\"true\" class=\"wp-block-spacer\"><\/div>\n\n\n\n<h2 class=\"wp-block-heading\">Designed and manufactured in Norway<\/h2>\n\n\n\n<p class=\"has-regular-font-size\" style=\"padding-top:0;padding-right:0;padding-bottom:0;padding-left:0\">Antisink is manufactured in Norway and meets all required approvals, with quality assured at every stage of the production process.<\/p>\n\n\n<div class=\"wp-block-image\">\n<figure class=\"aligncenter size-large is-resized\"><img loading=\"lazy\" decoding=\"async\" width=\"1024\" height=\"1024\" src=\"https:\/\/d25nnfydaaise6.cloudfront.net\/wp-content\/uploads\/2025\/12\/21113623\/LBK-Oppdriftsposer-1x1-1-1024x1024.png\" alt=\"\" class=\"wp-image-3552\" style=\"aspect-ratio:1;object-fit:cover;width:650px\" srcset=\"https:\/\/d25nnfydaaise6.cloudfront.net\/wp-content\/uploads\/2025\/12\/21113623\/LBK-Oppdriftsposer-1x1-1-1024x1024.png 1024w, https:\/\/d25nnfydaaise6.cloudfront.net\/wp-content\/uploads\/2025\/12\/21113623\/LBK-Oppdriftsposer-1x1-1-300x300.png 300w, https:\/\/d25nnfydaaise6.cloudfront.net\/wp-content\/uploads\/2025\/12\/21113623\/LBK-Oppdriftsposer-1x1-1-150x150.png 150w, https:\/\/d25nnfydaaise6.cloudfront.net\/wp-content\/uploads\/2025\/12\/21113623\/LBK-Oppdriftsposer-1x1-1-768x768.png 768w, https:\/\/d25nnfydaaise6.cloudfront.net\/wp-content\/uploads\/2025\/12\/21113623\/LBK-Oppdriftsposer-1x1-1-1536x1536.png 1536w, https:\/\/d25nnfydaaise6.cloudfront.net\/wp-content\/uploads\/2025\/12\/21113623\/LBK-Oppdriftsposer-1x1-1-12x12.png 12w, https:\/\/d25nnfydaaise6.cloudfront.net\/wp-content\/uploads\/2025\/12\/21113623\/LBK-Oppdriftsposer-1x1-1-600x600.png 600w, https:\/\/d25nnfydaaise6.cloudfront.net\/wp-content\/uploads\/2025\/12\/21113623\/LBK-Oppdriftsposer-1x1-1-100x100.png 100w, https:\/\/d25nnfydaaise6.cloudfront.net\/wp-content\/uploads\/2025\/12\/21113623\/LBK-Oppdriftsposer-1x1-1.png 2000w\" sizes=\"auto, (max-width: 1024px) 100vw, 1024px\" \/><\/figure>\n<\/div>\n\n\n<div style=\"height:50px\" aria-hidden=\"true\" class=\"wp-block-spacer\"><\/div>\n\n\n\n<h2 class=\"wp-block-heading\">Certified and robust<\/h2>\n\n\n\n<p class=\"has-regular-font-size\">All Antisink products are CE certified and comply with relevant international maritime safety standards. They are compact, impact resistant, waterproof and flame retardant, and can also be manually activated if required.<\/p>\n\n\n<div class=\"wp-block-image\">\n<figure class=\"aligncenter size-large is-resized\"><img loading=\"lazy\" decoding=\"async\" width=\"1024\" height=\"1024\" src=\"https:\/\/d25nnfydaaise6.cloudfront.net\/wp-content\/uploads\/2025\/12\/21110600\/LBK-Slange-1x1-1-1024x1024.png\" alt=\"\" class=\"wp-image-3510\" style=\"aspect-ratio:1;object-fit:cover;width:650px\" srcset=\"https:\/\/d25nnfydaaise6.cloudfront.net\/wp-content\/uploads\/2025\/12\/21110600\/LBK-Slange-1x1-1-1024x1024.png 1024w, https:\/\/d25nnfydaaise6.cloudfront.net\/wp-content\/uploads\/2025\/12\/21110600\/LBK-Slange-1x1-1-300x300.png 300w, https:\/\/d25nnfydaaise6.cloudfront.net\/wp-content\/uploads\/2025\/12\/21110600\/LBK-Slange-1x1-1-150x150.png 150w, https:\/\/d25nnfydaaise6.cloudfront.net\/wp-content\/uploads\/2025\/12\/21110600\/LBK-Slange-1x1-1-768x768.png 768w, https:\/\/d25nnfydaaise6.cloudfront.net\/wp-content\/uploads\/2025\/12\/21110600\/LBK-Slange-1x1-1-1536x1536.png 1536w, https:\/\/d25nnfydaaise6.cloudfront.net\/wp-content\/uploads\/2025\/12\/21110600\/LBK-Slange-1x1-1-12x12.png 12w, https:\/\/d25nnfydaaise6.cloudfront.net\/wp-content\/uploads\/2025\/12\/21110600\/LBK-Slange-1x1-1-600x600.png 600w, https:\/\/d25nnfydaaise6.cloudfront.net\/wp-content\/uploads\/2025\/12\/21110600\/LBK-Slange-1x1-1-100x100.png 100w, https:\/\/d25nnfydaaise6.cloudfront.net\/wp-content\/uploads\/2025\/12\/21110600\/LBK-Slange-1x1-1.png 2000w\" sizes=\"auto, (max-width: 1024px) 100vw, 1024px\" \/><\/figure>\n<\/div>\n\n\n<h2 class=\"wp-block-heading\">With a focus on the environment<\/h2>\n\n\n\n<p class=\"has-regular-font-size\">All components are reusable or recyclable. If Antisink is activated, the system only needs to be repacked before it can be used again. <\/p>\n\n\n\n<p style=\"padding-right:0;padding-bottom:0;padding-left:0\">The only part that needs to be replaced is the water sensor, while the CO2 cylinder can be refilled. The system is easy to install and prepare using the included installation guide.<\/p>\n\n\n\n<p class=\"has-regular-font-size\">If in doubt, we recommend contacting us or your local dealer.<\/p>\n\n\n<div class=\"wp-block-image\">\n<figure class=\"aligncenter size-large is-resized\"><img loading=\"lazy\" decoding=\"async\" width=\"1024\" height=\"1024\" src=\"https:\/\/d25nnfydaaise6.cloudfront.net\/wp-content\/uploads\/2025\/12\/21110601\/LBK-Tank-1x1-1-1024x1024.png\" alt=\"\" class=\"wp-image-3509\" style=\"aspect-ratio:1;object-fit:cover;width:650px\" srcset=\"https:\/\/d25nnfydaaise6.cloudfront.net\/wp-content\/uploads\/2025\/12\/21110601\/LBK-Tank-1x1-1-1024x1024.png 1024w, https:\/\/d25nnfydaaise6.cloudfront.net\/wp-content\/uploads\/2025\/12\/21110601\/LBK-Tank-1x1-1-300x300.png 300w, https:\/\/d25nnfydaaise6.cloudfront.net\/wp-content\/uploads\/2025\/12\/21110601\/LBK-Tank-1x1-1-150x150.png 150w, https:\/\/d25nnfydaaise6.cloudfront.net\/wp-content\/uploads\/2025\/12\/21110601\/LBK-Tank-1x1-1-768x768.png 768w, https:\/\/d25nnfydaaise6.cloudfront.net\/wp-content\/uploads\/2025\/12\/21110601\/LBK-Tank-1x1-1-1536x1536.png 1536w, https:\/\/d25nnfydaaise6.cloudfront.net\/wp-content\/uploads\/2025\/12\/21110601\/LBK-Tank-1x1-1-12x12.png 12w, https:\/\/d25nnfydaaise6.cloudfront.net\/wp-content\/uploads\/2025\/12\/21110601\/LBK-Tank-1x1-1-600x600.png 600w, https:\/\/d25nnfydaaise6.cloudfront.net\/wp-content\/uploads\/2025\/12\/21110601\/LBK-Tank-1x1-1-100x100.png 100w, https:\/\/d25nnfydaaise6.cloudfront.net\/wp-content\/uploads\/2025\/12\/21110601\/LBK-Tank-1x1-1.png 2000w\" sizes=\"auto, (max-width: 1024px) 100vw, 1024px\" \/><\/figure>\n<\/div>\n\n\n<div style=\"height:50px\" aria-hidden=\"true\" class=\"wp-block-spacer\"><\/div>\n\n\n\n<h4 class=\"wp-block-heading\">Technical specifications<\/h4>\n\n\n\n<figure class=\"wp-block-table is-style-regular\"><table class=\"has-text-color has-background has-link-color\" style=\"color:#252d71;background-color:#bce2ed\"><tbody><tr><td><strong>Item no.<\/strong><\/td><td><strong>Suitable vessel size<\/strong><\/td><td><strong>CO2 unit dimensions<\/strong><\/td><td><strong>Buoyancy bag unit dimensions<\/strong><\/td><\/tr><tr><td>FB 20000 N<\/td><td>29\u201334 ft \/ 5,000 kg<\/td><td>440 \u00d7 180 \u00d7 125 mm (L\u00d7W\u00d7H)<\/td><td>380 \u00d7 135 \u00d7 75 mm (L\u00d7W\u00d7H)<\/td><\/tr><tr><td>FB 30000 N<\/td><td>34\u201340 ft \/ 8,400 kg<\/td><td>440 \u00d7 180 \u00d7 125 mm (L\u00d7W\u00d7H)<\/td><td>380 \u00d7 135 \u00d7 75 mm (L\u00d7W\u00d7H)<\/td><\/tr><\/tbody><\/table><\/figure>\n\n\n\n<p>Is your boat heavier than 8,400 kg? We can tailor the system to your vessel.<\/p>\n\n\n\n<div style=\"height:50px\" aria-hidden=\"true\" class=\"wp-block-spacer\"><\/div>\n\n\n\n<h2 class=\"wp-block-heading\">How to install the Large Boat Kit<\/h2>\n\n\n\n<figure class=\"wp-block-embed is-type-video is-provider-youtube wp-block-embed-youtube wp-embed-aspect-16-9 wp-has-aspect-ratio\"><div class=\"wp-block-embed__wrapper\">\n<div class=\"suki-oembed suki-oembed-video\" style=\"padding-top: 56.228%;\"><iframe loading=\"lazy\" title=\"Large Boat Kit installation video\" width=\"1140\" height=\"641\" src=\"https:\/\/www.youtube.com\/embed\/Oi66UKv63Io?feature=oembed\" frameborder=\"0\" allow=\"accelerometer; autoplay; clipboard-write; encrypted-media; gyroscope; picture-in-picture; web-share\" referrerpolicy=\"strict-origin-when-cross-origin\" allowfullscreen><\/iframe><\/div>\n<\/div><\/figure>\n\n\n\n<div style=\"height:95px\" aria-hidden=\"true\" class=\"wp-block-spacer\"><\/div>\n\n\n\n<div class=\"wp-block-buttons is-content-justification-center is-layout-flex wp-container-core-buttons-is-layout-16018d1d wp-block-buttons-is-layout-flex\">\n<div class=\"wp-block-button has-custom-width wp-block-button__width-100 is-style-fill\"><a class=\"wp-block-button__link has-text-color has-background has-link-color has-text-align-center has-regular-font-size has-custom-font-size wp-element-button\" href=\"https:\/\/antisink.no\/kontakt-oss\/\" style=\"border-top-left-radius:50px;border-top-right-radius:50px;border-bottom-left-radius:50px;border-bottom-right-radius:50px;color:#252d71;background-color:#252d711a;padding-top:var(--wp--preset--spacing--40);padding-bottom:var(--wp--preset--spacing--40);font-style:normal;font-weight:500;text-transform:uppercase\">Contact us for questions or a tailored system<\/a><\/div>\n<\/div>\n\n\n\n<p><\/p>","protected":false},"excerpt":{"rendered":"<p>Antisink Large Boat Kit Large Boat Kit er laget for st\u00f8rre b\u00e5ter og s\u00f8rger for rask oppdrift og stabilitet om b\u00e5ten din skulle begynne \u00e5 ta inn vann. Pris fra kr 24 900 Large Boat Kit N\u00e5r systemet registrerer en omfattende mengde med vann i b\u00e5ten, aktiveres systemet automatisk. Oppdriftsposene fylles p\u00e5 under 60 sekunder &hellip;<\/p>","protected":false},"author":4,"featured_media":0,"parent":0,"menu_order":0,"comment_status":"closed","ping_status":"closed","template":"","meta":{"_acf_changed":false,"inline_featured_image":false,"footnotes":"","_links_to":"","_links_to_target":""},"class_list":["post-3352","page","type-page","status-publish","hentry"],"acf":[],"yoast_head":"<!-- This site is optimized with the Yoast SEO plugin v27.3 - https:\/\/yoast.com\/product\/yoast-seo-wordpress\/ -->\n<title>Antisink\u00a0Large Boat Kit - Ny - Antisink<\/title>\n<meta name=\"robots\" content=\"index, follow, max-snippet:-1, max-image-preview:large, max-video-preview:-1\" \/>\n<link rel=\"canonical\" href=\"https:\/\/antisink.no\/en\/antisink-large-boat-kit\/\" \/>\n<meta property=\"og:locale\" content=\"en_GB\" \/>\n<meta property=\"og:type\" content=\"article\" \/>\n<meta property=\"og:title\" content=\"Antisink\u00a0Large Boat Kit - Ny - Antisink\" \/>\n<meta property=\"og:description\" content=\"Antisink Large Boat Kit Large Boat Kit er laget for st\u00f8rre b\u00e5ter og s\u00f8rger for rask oppdrift og stabilitet om b\u00e5ten din skulle begynne \u00e5 ta inn vann. Pris fra kr 24 900 Large Boat Kit N\u00e5r systemet registrerer en omfattende mengde med vann i b\u00e5ten, aktiveres systemet automatisk. Oppdriftsposene fylles p\u00e5 under 60 sekunder &hellip;\" \/>\n<meta property=\"og:url\" content=\"https:\/\/antisink.no\/en\/antisink-large-boat-kit\/\" \/>\n<meta property=\"og:site_name\" content=\"Antisink\" \/>\n<meta property=\"article:publisher\" content=\"https:\/\/www.facebook.com\/people\/Antisink\/100068630721753\/\" \/>\n<meta property=\"article:modified_time\" content=\"2026-03-08T21:43:44+00:00\" \/>\n<meta property=\"og:image\" content=\"https:\/\/antisink.no\/wp-content\/uploads\/2025\/12\/LBK-Oppdriftsposer-1x1-1-1024x1024.png\" \/>\n<meta name=\"twitter:card\" content=\"summary_large_image\" \/>\n<meta name=\"twitter:label1\" content=\"Estimated reading time\" \/>\n\t<meta name=\"twitter:data1\" content=\"3 minutes\" \/>\n<script type=\"application\/ld+json\" class=\"yoast-schema-graph\">{\"@context\":\"https:\\\/\\\/schema.org\",\"@graph\":[{\"@type\":\"WebPage\",\"@id\":\"https:\\\/\\\/antisink.no\\\/antisink-large-boat-kit\\\/\",\"url\":\"https:\\\/\\\/antisink.no\\\/antisink-large-boat-kit\\\/\",\"name\":\"Antisink\u00a0Large Boat Kit - Ny - Antisink\",\"isPartOf\":{\"@id\":\"https:\\\/\\\/antisink.no\\\/#website\"},\"primaryImageOfPage\":{\"@id\":\"https:\\\/\\\/antisink.no\\\/antisink-large-boat-kit\\\/#primaryimage\"},\"image\":{\"@id\":\"https:\\\/\\\/antisink.no\\\/antisink-large-boat-kit\\\/#primaryimage\"},\"thumbnailUrl\":\"https:\\\/\\\/antisink.no\\\/wp-content\\\/uploads\\\/2025\\\/12\\\/LBK-Oppdriftsposer-1x1-1-1024x1024.png\",\"datePublished\":\"2025-12-16T22:56:54+00:00\",\"dateModified\":\"2026-03-08T21:43:44+00:00\",\"breadcrumb\":{\"@id\":\"https:\\\/\\\/antisink.no\\\/antisink-large-boat-kit\\\/#breadcrumb\"},\"inLanguage\":\"en-GB\",\"potentialAction\":[{\"@type\":\"ReadAction\",\"target\":[\"https:\\\/\\\/antisink.no\\\/antisink-large-boat-kit\\\/\"]}]},{\"@type\":\"ImageObject\",\"inLanguage\":\"en-GB\",\"@id\":\"https:\\\/\\\/antisink.no\\\/antisink-large-boat-kit\\\/#primaryimage\",\"url\":\"https:\\\/\\\/antisink.no\\\/wp-content\\\/uploads\\\/2025\\\/12\\\/LBK-Oppdriftsposer-1x1-1-1024x1024.png\",\"contentUrl\":\"https:\\\/\\\/antisink.no\\\/wp-content\\\/uploads\\\/2025\\\/12\\\/LBK-Oppdriftsposer-1x1-1-1024x1024.png\"},{\"@type\":\"BreadcrumbList\",\"@id\":\"https:\\\/\\\/antisink.no\\\/antisink-large-boat-kit\\\/#breadcrumb\",\"itemListElement\":[{\"@type\":\"ListItem\",\"position\":1,\"name\":\"Hjem\",\"item\":\"https:\\\/\\\/antisink.no\\\/\"},{\"@type\":\"ListItem\",\"position\":2,\"name\":\"Antisink\u00a0Large Boat Kit &#8211; Ny\"}]},{\"@type\":\"WebSite\",\"@id\":\"https:\\\/\\\/antisink.no\\\/#website\",\"url\":\"https:\\\/\\\/antisink.no\\\/\",\"name\":\"Antisink\",\"description\":\"Keeps you floating\",\"publisher\":{\"@id\":\"https:\\\/\\\/antisink.no\\\/#organization\"},\"potentialAction\":[{\"@type\":\"SearchAction\",\"target\":{\"@type\":\"EntryPoint\",\"urlTemplate\":\"https:\\\/\\\/antisink.no\\\/?s={search_term_string}\"},\"query-input\":{\"@type\":\"PropertyValueSpecification\",\"valueRequired\":true,\"valueName\":\"search_term_string\"}}],\"inLanguage\":\"en-GB\"},{\"@type\":\"Organization\",\"@id\":\"https:\\\/\\\/antisink.no\\\/#organization\",\"name\":\"Antisink\",\"url\":\"https:\\\/\\\/antisink.no\\\/\",\"logo\":{\"@type\":\"ImageObject\",\"inLanguage\":\"en-GB\",\"@id\":\"https:\\\/\\\/antisink.no\\\/#\\\/schema\\\/logo\\\/image\\\/\",\"url\":\"https:\\\/\\\/d25nnfydaaise6.cloudfront.net\\\/wp-content\\\/uploads\\\/2022\\\/11\\\/14090635\\\/Antisink-logo-RGB_outlined.svg\",\"contentUrl\":\"https:\\\/\\\/d25nnfydaaise6.cloudfront.net\\\/wp-content\\\/uploads\\\/2022\\\/11\\\/14090635\\\/Antisink-logo-RGB_outlined.svg\",\"caption\":\"Antisink\"},\"image\":{\"@id\":\"https:\\\/\\\/antisink.no\\\/#\\\/schema\\\/logo\\\/image\\\/\"},\"sameAs\":[\"https:\\\/\\\/www.facebook.com\\\/people\\\/Antisink\\\/100068630721753\\\/\"]}]}<\/script>\n<!-- \/ Yoast SEO plugin. -->","yoast_head_json":{"title":"Antisink\u00a0Large Boat Kit - Ny - Antisink","robots":{"index":"index","follow":"follow","max-snippet":"max-snippet:-1","max-image-preview":"max-image-preview:large","max-video-preview":"max-video-preview:-1"},"canonical":"https:\/\/antisink.no\/en\/antisink-large-boat-kit\/","og_locale":"en_GB","og_type":"article","og_title":"Antisink\u00a0Large Boat Kit - Ny - Antisink","og_description":"Antisink Large Boat Kit Large Boat Kit er laget for st\u00f8rre b\u00e5ter og s\u00f8rger for rask oppdrift og stabilitet om b\u00e5ten din skulle begynne \u00e5 ta inn vann. Pris fra kr 24 900 Large Boat Kit N\u00e5r systemet registrerer en omfattende mengde med vann i b\u00e5ten, aktiveres systemet automatisk. Oppdriftsposene fylles p\u00e5 under 60 sekunder &hellip;","og_url":"https:\/\/antisink.no\/en\/antisink-large-boat-kit\/","og_site_name":"Antisink","article_publisher":"https:\/\/www.facebook.com\/people\/Antisink\/100068630721753\/","article_modified_time":"2026-03-08T21:43:44+00:00","og_image":[{"url":"https:\/\/antisink.no\/wp-content\/uploads\/2025\/12\/LBK-Oppdriftsposer-1x1-1-1024x1024.png","type":"","width":"","height":""}],"twitter_card":"summary_large_image","twitter_misc":{"Estimated reading time":"3 minutes"},"schema":{"@context":"https:\/\/schema.org","@graph":[{"@type":"WebPage","@id":"https:\/\/antisink.no\/antisink-large-boat-kit\/","url":"https:\/\/antisink.no\/antisink-large-boat-kit\/","name":"Antisink\u00a0Large Boat Kit - Ny - Antisink","isPartOf":{"@id":"https:\/\/antisink.no\/#website"},"primaryImageOfPage":{"@id":"https:\/\/antisink.no\/antisink-large-boat-kit\/#primaryimage"},"image":{"@id":"https:\/\/antisink.no\/antisink-large-boat-kit\/#primaryimage"},"thumbnailUrl":"https:\/\/antisink.no\/wp-content\/uploads\/2025\/12\/LBK-Oppdriftsposer-1x1-1-1024x1024.png","datePublished":"2025-12-16T22:56:54+00:00","dateModified":"2026-03-08T21:43:44+00:00","breadcrumb":{"@id":"https:\/\/antisink.no\/antisink-large-boat-kit\/#breadcrumb"},"inLanguage":"en-GB","potentialAction":[{"@type":"ReadAction","target":["https:\/\/antisink.no\/antisink-large-boat-kit\/"]}]},{"@type":"ImageObject","inLanguage":"en-GB","@id":"https:\/\/antisink.no\/antisink-large-boat-kit\/#primaryimage","url":"https:\/\/antisink.no\/wp-content\/uploads\/2025\/12\/LBK-Oppdriftsposer-1x1-1-1024x1024.png","contentUrl":"https:\/\/antisink.no\/wp-content\/uploads\/2025\/12\/LBK-Oppdriftsposer-1x1-1-1024x1024.png"},{"@type":"BreadcrumbList","@id":"https:\/\/antisink.no\/antisink-large-boat-kit\/#breadcrumb","itemListElement":[{"@type":"ListItem","position":1,"name":"Hjem","item":"https:\/\/antisink.no\/"},{"@type":"ListItem","position":2,"name":"Antisink\u00a0Large Boat Kit &#8211; Ny"}]},{"@type":"WebSite","@id":"https:\/\/antisink.no\/#website","url":"https:\/\/antisink.no\/","name":"Antisink","description":"Keeps you floating","publisher":{"@id":"https:\/\/antisink.no\/#organization"},"potentialAction":[{"@type":"SearchAction","target":{"@type":"EntryPoint","urlTemplate":"https:\/\/antisink.no\/?s={search_term_string}"},"query-input":{"@type":"PropertyValueSpecification","valueRequired":true,"valueName":"search_term_string"}}],"inLanguage":"en-GB"},{"@type":"Organization","@id":"https:\/\/antisink.no\/#organization","name":"Antisink","url":"https:\/\/antisink.no\/","logo":{"@type":"ImageObject","inLanguage":"en-GB","@id":"https:\/\/antisink.no\/#\/schema\/logo\/image\/","url":"https:\/\/d25nnfydaaise6.cloudfront.net\/wp-content\/uploads\/2022\/11\/14090635\/Antisink-logo-RGB_outlined.svg","contentUrl":"https:\/\/d25nnfydaaise6.cloudfront.net\/wp-content\/uploads\/2022\/11\/14090635\/Antisink-logo-RGB_outlined.svg","caption":"Antisink"},"image":{"@id":"https:\/\/antisink.no\/#\/schema\/logo\/image\/"},"sameAs":["https:\/\/www.facebook.com\/people\/Antisink\/100068630721753\/"]}]}},"_links":{"self":[{"href":"https:\/\/antisink.no\/en\/wp-json\/wp\/v2\/pages\/3352","targetHints":{"allow":["GET"]}}],"collection":[{"href":"https:\/\/antisink.no\/en\/wp-json\/wp\/v2\/pages"}],"about":[{"href":"https:\/\/antisink.no\/en\/wp-json\/wp\/v2\/types\/page"}],"author":[{"embeddable":true,"href":"https:\/\/antisink.no\/en\/wp-json\/wp\/v2\/users\/4"}],"replies":[{"embeddable":true,"href":"https:\/\/antisink.no\/en\/wp-json\/wp\/v2\/comments?post=3352"}],"version-history":[{"count":139,"href":"https:\/\/antisink.no\/en\/wp-json\/wp\/v2\/pages\/3352\/revisions"}],"predecessor-version":[{"id":3813,"href":"https:\/\/antisink.no\/en\/wp-json\/wp\/v2\/pages\/3352\/revisions\/3813"}],"wp:attachment":[{"href":"https:\/\/antisink.no\/en\/wp-json\/wp\/v2\/media?parent=3352"}],"curies":[{"name":"wp","href":"https:\/\/api.w.org\/{rel}","templated":true}]}}