{"id":3063,"date":"2025-12-14T22:49:03","date_gmt":"2025-12-14T21:49:03","guid":{"rendered":"https:\/\/antisink.no\/?page_id=3063"},"modified":"2026-03-14T22:34:56","modified_gmt":"2026-03-14T21:34:56","slug":"antisink-drone-kit-norsk","status":"publish","type":"page","link":"https:\/\/antisink.no\/en\/antisink-drone-kit-norsk\/","title":{"rendered":"Antisink DroneKit &#8211; Norsk"},"content":{"rendered":"<h1 class=\"wp-block-heading has-text-align-center\" style=\"font-size:54px\">Antisink <strong>Drone Kit<\/strong><\/h1>\n\n\n\n<div style=\"height:25px\" aria-hidden=\"true\" class=\"wp-block-spacer\"><\/div>\n\n\n\n<p class=\"has-text-align-center\" style=\"padding-top:0;padding-right:0;padding-bottom:0;padding-left:0;font-size:20px\">Developed for <strong>defence<\/strong>, <strong>offshore<\/strong>, <strong>industrial <\/strong>and <strong>rescue operations <\/strong>\u2013 designed to protect equipment, data, and investments when accidents happen.<\/p>\n\n\n\n<div style=\"height:20px\" aria-hidden=\"true\" class=\"wp-block-spacer\"><\/div>\n\n\n<div class=\"wp-block-image\">\n<figure class=\"aligncenter size-large\"><img loading=\"lazy\" decoding=\"async\" width=\"1024\" height=\"511\" src=\"https:\/\/d25nnfydaaise6.cloudfront.net\/wp-content\/uploads\/2026\/03\/14223421\/Dronekit-2-1024x511.png\" alt=\"\" class=\"wp-image-3814\" srcset=\"https:\/\/d25nnfydaaise6.cloudfront.net\/wp-content\/uploads\/2026\/03\/14223421\/Dronekit-2-1024x511.png 1024w, https:\/\/d25nnfydaaise6.cloudfront.net\/wp-content\/uploads\/2026\/03\/14223421\/Dronekit-2-300x150.png 300w, https:\/\/d25nnfydaaise6.cloudfront.net\/wp-content\/uploads\/2026\/03\/14223421\/Dronekit-2-768x383.png 768w, https:\/\/d25nnfydaaise6.cloudfront.net\/wp-content\/uploads\/2026\/03\/14223421\/Dronekit-2-1536x767.png 1536w, https:\/\/d25nnfydaaise6.cloudfront.net\/wp-content\/uploads\/2026\/03\/14223421\/Dronekit-2-2048x1022.png 2048w, https:\/\/d25nnfydaaise6.cloudfront.net\/wp-content\/uploads\/2026\/03\/14223421\/Dronekit-2-18x9.png 18w, https:\/\/d25nnfydaaise6.cloudfront.net\/wp-content\/uploads\/2026\/03\/14223421\/Dronekit-2-600x299.png 600w\" sizes=\"auto, (max-width: 1024px) 100vw, 1024px\" \/><\/figure>\n<\/div>\n\n\n<div style=\"height:20px\" aria-hidden=\"true\" class=\"wp-block-spacer\"><\/div>\n\n\n\n<p class=\"has-text-align-center\" style=\"padding-top:0;padding-right:0;padding-bottom:0;padding-left:0;font-size:26px\"><strong>How does it work?<\/strong><\/p>\n\n\n\n<p class=\"has-text-align-center\" style=\"padding-top:0;padding-right:0;padding-bottom:0;padding-left:0;font-size:20px\">When a drone ends up in the water, every second counts. Our kit inflates automatically upon contact and quickly lifts the drone to the surface, where it can be safely retrieved.<\/p>\n\n\n\n<p class=\"has-text-align-center\" style=\"padding-top:0;padding-right:0;padding-bottom:0;padding-left:0;font-size:20px\">The system is adaptable for drones ranging from 2.5 to over 600 kilograms and can be scaled as needed.<\/p>\n\n\n\n<div style=\"height:5px\" aria-hidden=\"true\" class=\"wp-block-spacer\"><\/div>\n\n\n\n<p class=\"has-text-align-center\" style=\"padding-top:0;padding-right:0;padding-bottom:0;padding-left:0;font-size:20px\">Sounds interesting? Let\u2019s have a chat at <strong><a href=\"mailto:post@antisink.no\"><strong>post@antisink.no<\/strong><\/a><\/strong>!<\/p>\n\n\n\n<div style=\"height:5px\" aria-hidden=\"true\" class=\"wp-block-spacer\"><\/div>\n\n\n\n<p class=\"has-text-align-center\" style=\"padding-top:0;padding-right:0;padding-bottom:0;padding-left:0;font-size:20px\">Learn more about the system below.<\/p>\n\n\n<div class=\"wp-block-image is-style-default\">\n<figure class=\"aligncenter size-large\"><img loading=\"lazy\" decoding=\"async\" width=\"1024\" height=\"768\" src=\"https:\/\/d25nnfydaaise6.cloudfront.net\/wp-content\/uploads\/2025\/10\/28113201\/FADDA68F-52DA-4E34-86C3-E83E03D661B1-1-1024x768.jpeg\" alt=\"\" class=\"wp-image-2615\" srcset=\"https:\/\/d25nnfydaaise6.cloudfront.net\/wp-content\/uploads\/2025\/10\/28113201\/FADDA68F-52DA-4E34-86C3-E83E03D661B1-1-1024x768.jpeg 1024w, https:\/\/d25nnfydaaise6.cloudfront.net\/wp-content\/uploads\/2025\/10\/28113201\/FADDA68F-52DA-4E34-86C3-E83E03D661B1-1-300x225.jpeg 300w, https:\/\/d25nnfydaaise6.cloudfront.net\/wp-content\/uploads\/2025\/10\/28113201\/FADDA68F-52DA-4E34-86C3-E83E03D661B1-1-768x576.jpeg 768w, https:\/\/d25nnfydaaise6.cloudfront.net\/wp-content\/uploads\/2025\/10\/28113201\/FADDA68F-52DA-4E34-86C3-E83E03D661B1-1-1536x1152.jpeg 1536w, https:\/\/d25nnfydaaise6.cloudfront.net\/wp-content\/uploads\/2025\/10\/28113201\/FADDA68F-52DA-4E34-86C3-E83E03D661B1-1-2048x1536.jpeg 2048w, https:\/\/d25nnfydaaise6.cloudfront.net\/wp-content\/uploads\/2025\/10\/28113201\/FADDA68F-52DA-4E34-86C3-E83E03D661B1-1-600x450.jpeg 600w\" sizes=\"auto, (max-width: 1024px) 100vw, 1024px\" \/><figcaption class=\"wp-element-caption\"><em>Our Drone Kit mounted on a drone from Griff Aviation.<\/em><\/figcaption><\/figure>\n<\/div>\n\n\n<div style=\"height:20px\" aria-hidden=\"true\" class=\"wp-block-spacer\"><\/div>\n\n\n\n<h1 class=\"wp-block-heading has-text-align-center\" style=\"font-size:36px\"><strong>The Drone Kit<\/strong><\/h1>\n\n\n\n<div style=\"height:10px\" aria-hidden=\"true\" class=\"wp-block-spacer\"><\/div>\n\n\n\n<h2 class=\"wp-block-heading has-text-align-center\" style=\"font-size:30px\">Reliable<\/h2>\n\n\n\n<p class=\"has-text-align-center\" style=\"font-size:20px\">Engineered to perform when it truly matters \u2013 ensuring safe recovery in all conditions.<\/p>\n\n\n\n<div style=\"height:25px\" aria-hidden=\"true\" class=\"wp-block-spacer\"><\/div>\n\n\n\n<h2 class=\"wp-block-heading has-text-align-center\" style=\"font-size:30px\">Universal fit<\/h2>\n\n\n\n<p class=\"has-text-align-center\" style=\"font-size:20px\">Developed for multiple drone categories and designed to integrate with any type of drone.<\/p>\n\n\n\n<div style=\"height:25px\" aria-hidden=\"true\" class=\"wp-block-spacer\"><\/div>\n\n\n\n<h2 class=\"wp-block-heading has-text-align-center\" style=\"font-size:30px\">Lightweight design<\/h2>\n\n\n\n<p class=\"has-text-align-center\" style=\"font-size:20px\">Low weight and aerodynamic construction minimize impact on flight time and stability.<\/p>\n\n\n\n<div style=\"height:40px\" aria-hidden=\"true\" class=\"wp-block-spacer\"><\/div>\n\n\n<div class=\"wp-block-image\">\n<figure class=\"aligncenter size-large\"><img loading=\"lazy\" decoding=\"async\" width=\"644\" height=\"1024\" src=\"https:\/\/d25nnfydaaise6.cloudfront.net\/wp-content\/uploads\/2026\/03\/14223433\/Dronekit-V2-644x1024.png\" alt=\"\" class=\"wp-image-3815\" srcset=\"https:\/\/d25nnfydaaise6.cloudfront.net\/wp-content\/uploads\/2026\/03\/14223433\/Dronekit-V2-644x1024.png 644w, https:\/\/d25nnfydaaise6.cloudfront.net\/wp-content\/uploads\/2026\/03\/14223433\/Dronekit-V2-189x300.png 189w, https:\/\/d25nnfydaaise6.cloudfront.net\/wp-content\/uploads\/2026\/03\/14223433\/Dronekit-V2-768x1220.png 768w, https:\/\/d25nnfydaaise6.cloudfront.net\/wp-content\/uploads\/2026\/03\/14223433\/Dronekit-V2-967x1536.png 967w, https:\/\/d25nnfydaaise6.cloudfront.net\/wp-content\/uploads\/2026\/03\/14223433\/Dronekit-V2-8x12.png 8w, https:\/\/d25nnfydaaise6.cloudfront.net\/wp-content\/uploads\/2026\/03\/14223433\/Dronekit-V2-600x953.png 600w, https:\/\/d25nnfydaaise6.cloudfront.net\/wp-content\/uploads\/2026\/03\/14223433\/Dronekit-V2.png 1080w\" sizes=\"auto, (max-width: 644px) 100vw, 644px\" \/><\/figure>\n<\/div>\n\n\n<div style=\"height:40px\" aria-hidden=\"true\" class=\"wp-block-spacer\"><\/div>\n\n\n\n<p class=\"has-text-align-center\" style=\"font-size:20px\"><strong>Equipped with SOLAS-approved reflectors and water-activated LED lights<\/strong>, ensuring visibility and recovery even in challenging conditions.<\/p>\n\n\n\n<div style=\"height:35px\" aria-hidden=\"true\" class=\"wp-block-spacer\"><\/div>\n\n\n\n<figure class=\"wp-block-video aligncenter\" style=\"padding-top:0rem;padding-right:0;padding-bottom:0;padding-left:0\"><video height=\"1080\" style=\"aspect-ratio: 1080 \/ 1080;\" width=\"1080\" autoplay loop muted src=\"https:\/\/d25nnfydaaise6.cloudfront.net\/wp-content\/uploads\/2025\/10\/28134505\/Antisink-Drone-Kit-1x1-1.mov\" playsinline><\/video><figcaption class=\"wp-element-caption\">Within seconds, the bag inflates and the light activates \u2013 keeping the drone visible and afloat.<\/figcaption><\/figure>\n\n\n\n<div style=\"height:35px\" aria-hidden=\"true\" class=\"wp-block-spacer\"><\/div>\n\n\n\n<h2 class=\"wp-block-heading has-text-align-center\" style=\"font-size:30px\">Trusted by professionals across industries<\/h2>\n\n\n<div class=\"wp-block-image\">\n<figure class=\"aligncenter size-large\"><img loading=\"lazy\" decoding=\"async\" width=\"818\" height=\"1024\" src=\"https:\/\/d25nnfydaaise6.cloudfront.net\/wp-content\/uploads\/2025\/11\/07102308\/Trusted-by-professionals-across-industries-Engelsk-818x1024.png\" alt=\"\" class=\"wp-image-2909\" srcset=\"https:\/\/d25nnfydaaise6.cloudfront.net\/wp-content\/uploads\/2025\/11\/07102308\/Trusted-by-professionals-across-industries-Engelsk-818x1024.png 818w, https:\/\/d25nnfydaaise6.cloudfront.net\/wp-content\/uploads\/2025\/11\/07102308\/Trusted-by-professionals-across-industries-Engelsk-240x300.png 240w, https:\/\/d25nnfydaaise6.cloudfront.net\/wp-content\/uploads\/2025\/11\/07102308\/Trusted-by-professionals-across-industries-Engelsk-768x961.png 768w, https:\/\/d25nnfydaaise6.cloudfront.net\/wp-content\/uploads\/2025\/11\/07102308\/Trusted-by-professionals-across-industries-Engelsk-1227x1536.png 1227w, https:\/\/d25nnfydaaise6.cloudfront.net\/wp-content\/uploads\/2025\/11\/07102308\/Trusted-by-professionals-across-industries-Engelsk-1636x2048.png 1636w, https:\/\/d25nnfydaaise6.cloudfront.net\/wp-content\/uploads\/2025\/11\/07102308\/Trusted-by-professionals-across-industries-Engelsk-600x751.png 600w, https:\/\/d25nnfydaaise6.cloudfront.net\/wp-content\/uploads\/2025\/11\/07102308\/Trusted-by-professionals-across-industries-Engelsk-scaled.png 2045w\" sizes=\"auto, (max-width: 818px) 100vw, 818px\" \/><\/figure>\n<\/div>\n\n\n<div style=\"height:10px\" aria-hidden=\"true\" class=\"wp-block-spacer\"><\/div>\n\n\n\n<p class=\"has-text-align-center\" style=\"font-size:20px\">Let\u2019s talk about how our drone kit can fit your system!<\/p>\n\n\n\n<h2 class=\"wp-block-heading has-text-align-center\" style=\"font-size:26px\">Contact us at <a href=\"mailto:post@antisink.no\"><strong>post@antisink.no<\/strong><\/a><\/h2>\n\n\n\n<p><\/p>","protected":false},"excerpt":{"rendered":"<p>Antisink Drone-kit Utviklet for forsvar, offshore, industri og redning \u2013 designet for \u00e5 beskytte utstyr, data og investeringer n\u00e5r uhellet er ute. Hvordan fungerer det? N\u00e5r en drone havner i vannet, er marginene sm\u00e5. V\u00e5rt kit aktiveres automatisk ved kontakt med vann og l\u00f8fter dronen raskt til overflaten, der den kan hentes trygt. Systemet tilpasses &hellip;<\/p>","protected":false},"author":4,"featured_media":2615,"parent":0,"menu_order":0,"comment_status":"closed","ping_status":"closed","template":"","meta":{"_acf_changed":false,"inline_featured_image":false,"footnotes":"","_links_to":"","_links_to_target":""},"class_list":["post-3063","page","type-page","status-publish","has-post-thumbnail","hentry"],"acf":[],"yoast_head":"<!-- This site is optimized with the Yoast SEO plugin v27.3 - https:\/\/yoast.com\/product\/yoast-seo-wordpress\/ -->\n<title>Antisink DroneKit - Norsk - Antisink<\/title>\n<meta name=\"robots\" content=\"index, follow, max-snippet:-1, max-image-preview:large, max-video-preview:-1\" \/>\n<link rel=\"canonical\" href=\"https:\/\/antisink.no\/en\/antisink-drone-kit-norsk\/\" \/>\n<meta property=\"og:locale\" content=\"en_GB\" \/>\n<meta property=\"og:type\" content=\"article\" \/>\n<meta property=\"og:title\" content=\"Antisink DroneKit - Norsk - Antisink\" \/>\n<meta property=\"og:description\" content=\"Antisink Drone-kit Utviklet for forsvar, offshore, industri og redning \u2013 designet for \u00e5 beskytte utstyr, data og investeringer n\u00e5r uhellet er ute. Hvordan fungerer det? N\u00e5r en drone havner i vannet, er marginene sm\u00e5. V\u00e5rt kit aktiveres automatisk ved kontakt med vann og l\u00f8fter dronen raskt til overflaten, der den kan hentes trygt. Systemet tilpasses &hellip;\" \/>\n<meta property=\"og:url\" content=\"https:\/\/antisink.no\/en\/antisink-drone-kit-norsk\/\" \/>\n<meta property=\"og:site_name\" content=\"Antisink\" \/>\n<meta property=\"article:publisher\" content=\"https:\/\/www.facebook.com\/people\/Antisink\/100068630721753\/\" \/>\n<meta property=\"article:modified_time\" content=\"2026-03-14T21:34:56+00:00\" \/>\n<meta property=\"og:image\" content=\"https:\/\/d25nnfydaaise6.cloudfront.net\/wp-content\/uploads\/2025\/10\/28113201\/FADDA68F-52DA-4E34-86C3-E83E03D661B1-1-scaled.jpeg\" \/>\n\t<meta property=\"og:image:width\" content=\"2560\" \/>\n\t<meta property=\"og:image:height\" content=\"1920\" \/>\n\t<meta property=\"og:image:type\" content=\"image\/jpeg\" \/>\n<meta name=\"twitter:card\" content=\"summary_large_image\" \/>\n<meta name=\"twitter:label1\" content=\"Estimated reading time\" \/>\n\t<meta name=\"twitter:data1\" content=\"3 minutes\" \/>\n<script type=\"application\/ld+json\" class=\"yoast-schema-graph\">{\"@context\":\"https:\\\/\\\/schema.org\",\"@graph\":[{\"@type\":\"WebPage\",\"@id\":\"https:\\\/\\\/antisink.no\\\/antisink-drone-kit-norsk\\\/\",\"url\":\"https:\\\/\\\/antisink.no\\\/antisink-drone-kit-norsk\\\/\",\"name\":\"Antisink DroneKit - Norsk - Antisink\",\"isPartOf\":{\"@id\":\"https:\\\/\\\/antisink.no\\\/#website\"},\"primaryImageOfPage\":{\"@id\":\"https:\\\/\\\/antisink.no\\\/antisink-drone-kit-norsk\\\/#primaryimage\"},\"image\":{\"@id\":\"https:\\\/\\\/antisink.no\\\/antisink-drone-kit-norsk\\\/#primaryimage\"},\"thumbnailUrl\":\"https:\\\/\\\/d25nnfydaaise6.cloudfront.net\\\/wp-content\\\/uploads\\\/2025\\\/10\\\/28113201\\\/FADDA68F-52DA-4E34-86C3-E83E03D661B1-1-scaled.jpeg\",\"datePublished\":\"2025-12-14T21:49:03+00:00\",\"dateModified\":\"2026-03-14T21:34:56+00:00\",\"breadcrumb\":{\"@id\":\"https:\\\/\\\/antisink.no\\\/antisink-drone-kit-norsk\\\/#breadcrumb\"},\"inLanguage\":\"en-GB\",\"potentialAction\":[{\"@type\":\"ReadAction\",\"target\":[\"https:\\\/\\\/antisink.no\\\/antisink-drone-kit-norsk\\\/\"]}]},{\"@type\":\"ImageObject\",\"inLanguage\":\"en-GB\",\"@id\":\"https:\\\/\\\/antisink.no\\\/antisink-drone-kit-norsk\\\/#primaryimage\",\"url\":\"https:\\\/\\\/d25nnfydaaise6.cloudfront.net\\\/wp-content\\\/uploads\\\/2025\\\/10\\\/28113201\\\/FADDA68F-52DA-4E34-86C3-E83E03D661B1-1-scaled.jpeg\",\"contentUrl\":\"https:\\\/\\\/d25nnfydaaise6.cloudfront.net\\\/wp-content\\\/uploads\\\/2025\\\/10\\\/28113201\\\/FADDA68F-52DA-4E34-86C3-E83E03D661B1-1-scaled.jpeg\",\"width\":2560,\"height\":1920},{\"@type\":\"BreadcrumbList\",\"@id\":\"https:\\\/\\\/antisink.no\\\/antisink-drone-kit-norsk\\\/#breadcrumb\",\"itemListElement\":[{\"@type\":\"ListItem\",\"position\":1,\"name\":\"Hjem\",\"item\":\"https:\\\/\\\/antisink.no\\\/\"},{\"@type\":\"ListItem\",\"position\":2,\"name\":\"Antisink DroneKit &#8211; Norsk\"}]},{\"@type\":\"WebSite\",\"@id\":\"https:\\\/\\\/antisink.no\\\/#website\",\"url\":\"https:\\\/\\\/antisink.no\\\/\",\"name\":\"Antisink\",\"description\":\"Keeps you floating\",\"publisher\":{\"@id\":\"https:\\\/\\\/antisink.no\\\/#organization\"},\"potentialAction\":[{\"@type\":\"SearchAction\",\"target\":{\"@type\":\"EntryPoint\",\"urlTemplate\":\"https:\\\/\\\/antisink.no\\\/?s={search_term_string}\"},\"query-input\":{\"@type\":\"PropertyValueSpecification\",\"valueRequired\":true,\"valueName\":\"search_term_string\"}}],\"inLanguage\":\"en-GB\"},{\"@type\":\"Organization\",\"@id\":\"https:\\\/\\\/antisink.no\\\/#organization\",\"name\":\"Antisink\",\"url\":\"https:\\\/\\\/antisink.no\\\/\",\"logo\":{\"@type\":\"ImageObject\",\"inLanguage\":\"en-GB\",\"@id\":\"https:\\\/\\\/antisink.no\\\/#\\\/schema\\\/logo\\\/image\\\/\",\"url\":\"https:\\\/\\\/d25nnfydaaise6.cloudfront.net\\\/wp-content\\\/uploads\\\/2022\\\/11\\\/14090635\\\/Antisink-logo-RGB_outlined.svg\",\"contentUrl\":\"https:\\\/\\\/d25nnfydaaise6.cloudfront.net\\\/wp-content\\\/uploads\\\/2022\\\/11\\\/14090635\\\/Antisink-logo-RGB_outlined.svg\",\"caption\":\"Antisink\"},\"image\":{\"@id\":\"https:\\\/\\\/antisink.no\\\/#\\\/schema\\\/logo\\\/image\\\/\"},\"sameAs\":[\"https:\\\/\\\/www.facebook.com\\\/people\\\/Antisink\\\/100068630721753\\\/\"]}]}<\/script>\n<!-- \/ Yoast SEO plugin. -->","yoast_head_json":{"title":"Antisink DroneKit - Norsk - Antisink","robots":{"index":"index","follow":"follow","max-snippet":"max-snippet:-1","max-image-preview":"max-image-preview:large","max-video-preview":"max-video-preview:-1"},"canonical":"https:\/\/antisink.no\/en\/antisink-drone-kit-norsk\/","og_locale":"en_GB","og_type":"article","og_title":"Antisink DroneKit - Norsk - Antisink","og_description":"Antisink Drone-kit Utviklet for forsvar, offshore, industri og redning \u2013 designet for \u00e5 beskytte utstyr, data og investeringer n\u00e5r uhellet er ute. Hvordan fungerer det? N\u00e5r en drone havner i vannet, er marginene sm\u00e5. V\u00e5rt kit aktiveres automatisk ved kontakt med vann og l\u00f8fter dronen raskt til overflaten, der den kan hentes trygt. Systemet tilpasses &hellip;","og_url":"https:\/\/antisink.no\/en\/antisink-drone-kit-norsk\/","og_site_name":"Antisink","article_publisher":"https:\/\/www.facebook.com\/people\/Antisink\/100068630721753\/","article_modified_time":"2026-03-14T21:34:56+00:00","og_image":[{"width":2560,"height":1920,"url":"https:\/\/d25nnfydaaise6.cloudfront.net\/wp-content\/uploads\/2025\/10\/28113201\/FADDA68F-52DA-4E34-86C3-E83E03D661B1-1-scaled.jpeg","type":"image\/jpeg"}],"twitter_card":"summary_large_image","twitter_misc":{"Estimated reading time":"3 minutes"},"schema":{"@context":"https:\/\/schema.org","@graph":[{"@type":"WebPage","@id":"https:\/\/antisink.no\/antisink-drone-kit-norsk\/","url":"https:\/\/antisink.no\/antisink-drone-kit-norsk\/","name":"Antisink DroneKit - Norsk - Antisink","isPartOf":{"@id":"https:\/\/antisink.no\/#website"},"primaryImageOfPage":{"@id":"https:\/\/antisink.no\/antisink-drone-kit-norsk\/#primaryimage"},"image":{"@id":"https:\/\/antisink.no\/antisink-drone-kit-norsk\/#primaryimage"},"thumbnailUrl":"https:\/\/d25nnfydaaise6.cloudfront.net\/wp-content\/uploads\/2025\/10\/28113201\/FADDA68F-52DA-4E34-86C3-E83E03D661B1-1-scaled.jpeg","datePublished":"2025-12-14T21:49:03+00:00","dateModified":"2026-03-14T21:34:56+00:00","breadcrumb":{"@id":"https:\/\/antisink.no\/antisink-drone-kit-norsk\/#breadcrumb"},"inLanguage":"en-GB","potentialAction":[{"@type":"ReadAction","target":["https:\/\/antisink.no\/antisink-drone-kit-norsk\/"]}]},{"@type":"ImageObject","inLanguage":"en-GB","@id":"https:\/\/antisink.no\/antisink-drone-kit-norsk\/#primaryimage","url":"https:\/\/d25nnfydaaise6.cloudfront.net\/wp-content\/uploads\/2025\/10\/28113201\/FADDA68F-52DA-4E34-86C3-E83E03D661B1-1-scaled.jpeg","contentUrl":"https:\/\/d25nnfydaaise6.cloudfront.net\/wp-content\/uploads\/2025\/10\/28113201\/FADDA68F-52DA-4E34-86C3-E83E03D661B1-1-scaled.jpeg","width":2560,"height":1920},{"@type":"BreadcrumbList","@id":"https:\/\/antisink.no\/antisink-drone-kit-norsk\/#breadcrumb","itemListElement":[{"@type":"ListItem","position":1,"name":"Hjem","item":"https:\/\/antisink.no\/"},{"@type":"ListItem","position":2,"name":"Antisink DroneKit &#8211; Norsk"}]},{"@type":"WebSite","@id":"https:\/\/antisink.no\/#website","url":"https:\/\/antisink.no\/","name":"Antisink","description":"Keeps you floating","publisher":{"@id":"https:\/\/antisink.no\/#organization"},"potentialAction":[{"@type":"SearchAction","target":{"@type":"EntryPoint","urlTemplate":"https:\/\/antisink.no\/?s={search_term_string}"},"query-input":{"@type":"PropertyValueSpecification","valueRequired":true,"valueName":"search_term_string"}}],"inLanguage":"en-GB"},{"@type":"Organization","@id":"https:\/\/antisink.no\/#organization","name":"Antisink","url":"https:\/\/antisink.no\/","logo":{"@type":"ImageObject","inLanguage":"en-GB","@id":"https:\/\/antisink.no\/#\/schema\/logo\/image\/","url":"https:\/\/d25nnfydaaise6.cloudfront.net\/wp-content\/uploads\/2022\/11\/14090635\/Antisink-logo-RGB_outlined.svg","contentUrl":"https:\/\/d25nnfydaaise6.cloudfront.net\/wp-content\/uploads\/2022\/11\/14090635\/Antisink-logo-RGB_outlined.svg","caption":"Antisink"},"image":{"@id":"https:\/\/antisink.no\/#\/schema\/logo\/image\/"},"sameAs":["https:\/\/www.facebook.com\/people\/Antisink\/100068630721753\/"]}]}},"_links":{"self":[{"href":"https:\/\/antisink.no\/en\/wp-json\/wp\/v2\/pages\/3063","targetHints":{"allow":["GET"]}}],"collection":[{"href":"https:\/\/antisink.no\/en\/wp-json\/wp\/v2\/pages"}],"about":[{"href":"https:\/\/antisink.no\/en\/wp-json\/wp\/v2\/types\/page"}],"author":[{"embeddable":true,"href":"https:\/\/antisink.no\/en\/wp-json\/wp\/v2\/users\/4"}],"replies":[{"embeddable":true,"href":"https:\/\/antisink.no\/en\/wp-json\/wp\/v2\/comments?post=3063"}],"version-history":[{"count":5,"href":"https:\/\/antisink.no\/en\/wp-json\/wp\/v2\/pages\/3063\/revisions"}],"predecessor-version":[{"id":3816,"href":"https:\/\/antisink.no\/en\/wp-json\/wp\/v2\/pages\/3063\/revisions\/3816"}],"wp:featuredmedia":[{"embeddable":true,"href":"https:\/\/antisink.no\/en\/wp-json\/wp\/v2\/media\/2615"}],"wp:attachment":[{"href":"https:\/\/antisink.no\/en\/wp-json\/wp\/v2\/media?parent=3063"}],"curies":[{"name":"wp","href":"https:\/\/api.w.org\/{rel}","templated":true}]}}